{"id":1478,"date":"2025-02-03T13:47:15","date_gmt":"2025-02-03T19:47:15","guid":{"rendered":"https:\/\/mexaepic.jlsecurity.mx\/?page_id=1478"},"modified":"2025-02-03T13:58:01","modified_gmt":"2025-02-03T19:58:01","slug":"carpas","status":"publish","type":"page","link":"https:\/\/mexaepic.jlsecurity.mx\/index.php\/carpas\/","title":{"rendered":"Carpas"},"content":{"rendered":"<div class=\"vce-row-container\" data-vce-boxed-width=\"true\"><div class=\"vce-row vce-row--col-gap-30 vce-row-equal-height vce-row-content--top\" id=\"el-687f345a\" data-vce-do-apply=\"all el-687f345a\"><div class=\"vce-row-content\" data-vce-element-content=\"true\"><div class=\"vce-col vce-col--md-auto vce-col--xs-1 vce-col--xs-last vce-col--xs-first vce-col--sm-last vce-col--sm-first vce-col--md-last vce-col--lg-last vce-col--xl-last vce-col--md-first vce-col--lg-first vce-col--xl-first\" id=\"el-35786866\"><div class=\"vce-col-inner\" data-vce-do-apply=\"border margin background  el-35786866\"><div class=\"vce-col-content\" data-vce-element-content=\"true\" data-vce-do-apply=\"padding el-35786866\"><div class=\"vce-text-block\"><div class=\"vce-text-block-wrapper vce\" id=\"el-9a046d4b\" data-vce-do-apply=\"all el-9a046d4b\"><h2 style=\"font-size: clamp(2.625rem, -1.41348rem + 8.4135vw, 3.25rem); text-align: center;\"><strong>Carpas Publicitarias<\/strong><\/h2><\/div><\/div><\/div><\/div><\/div><\/div><\/div><\/div><div class=\"vce-row-container\" data-vce-boxed-width=\"true\"><div class=\"vce-row vce-row--col-gap-30 vce-row-equal-height vce-row-content--top\" id=\"el-4dbf1a63\" data-vce-do-apply=\"all el-4dbf1a63\"><div class=\"vce-row-content\" data-vce-element-content=\"true\"><div class=\"vce-col vce-col--md-auto vce-col--xs-1 vce-col--xs-last vce-col--xs-first vce-col--sm-last vce-col--sm-first vce-col--md-first vce-col--lg-first vce-col--xl-first\" id=\"el-6f08d479\"><div class=\"vce-col-inner\" data-vce-do-apply=\"border margin background  el-6f08d479\"><div class=\"vce-col-content\" data-vce-element-content=\"true\" data-vce-do-apply=\"padding el-6f08d479\"><div class=\"vce-single-image-container vce-single-image--align-left\"><div class=\"vce vce-single-image-wrapper\" id=\"el-41657388\" data-vce-do-apply=\"all el-41657388\"><figure><div class=\"vce-single-image-figure-inner\" style=\"width: 740px;\"><div class=\"vce-single-image-inner vce-single-image--absolute\" style=\"width: 100%; padding-bottom: 99.8649%;\"><img fetchpriority=\"high\" decoding=\"async\" class=\"vce-single-image\"  width=\"740\" height=\"739\" srcset=\"https:\/\/mexaepic.jlsecurity.mx\/wp-content\/uploads\/2025\/02\/CARPA-320x320.png 320w, https:\/\/mexaepic.jlsecurity.mx\/wp-content\/uploads\/2025\/02\/CARPA-480x479.png 480w, https:\/\/mexaepic.jlsecurity.mx\/wp-content\/uploads\/2025\/02\/CARPA-740x739.png 740w\" src=\"https:\/\/mexaepic.jlsecurity.mx\/wp-content\/uploads\/2025\/02\/CARPA-740x739.png\" data-img-src=\"https:\/\/mexaepic.jlsecurity.mx\/wp-content\/uploads\/2025\/02\/CARPA.png\" data-attachment-id=\"1482\"  alt=\"Carpa Publicitaria\" title=\"CARPA\" \/><\/div><\/div><figcaption hidden=\"\"><\/figcaption><\/figure><\/div><\/div><div class=\"vce-single-image-container vce-single-image--align-left\"><div class=\"vce vce-single-image-wrapper\" id=\"el-01fc2bfe\" data-vce-do-apply=\"all el-01fc2bfe\"><figure><div class=\"vce-single-image-figure-inner\" style=\"width: 515px;\"><div class=\"vce-single-image-inner vce-single-image--absolute\" style=\"width: 100%; padding-bottom: 89.7087%;\"><img decoding=\"async\" class=\"vce-single-image\"  width=\"515\" height=\"462\" srcset=\"https:\/\/mexaepic.jlsecurity.mx\/wp-content\/uploads\/2025\/02\/CARPAS-PLEGABLES-320x287.webp 320w, https:\/\/mexaepic.jlsecurity.mx\/wp-content\/uploads\/2025\/02\/CARPAS-PLEGABLES-480x431.webp 480w, https:\/\/mexaepic.jlsecurity.mx\/wp-content\/uploads\/2025\/02\/CARPAS-PLEGABLES-515x462.webp 515w\" src=\"https:\/\/mexaepic.jlsecurity.mx\/wp-content\/uploads\/2025\/02\/CARPAS-PLEGABLES-515x462.webp\" data-img-src=\"https:\/\/mexaepic.jlsecurity.mx\/wp-content\/uploads\/2025\/02\/CARPAS-PLEGABLES.webp\" data-attachment-id=\"1485\"  alt=\"Carpa publicitaria\" title=\"CARPAS PLEGABLES\" \/><\/div><\/div><figcaption hidden=\"\"><\/figcaption><\/figure><\/div><\/div><div class=\"vce-single-image-container vce-single-image--align-left\"><div class=\"vce vce-single-image-wrapper\" id=\"el-a258344e\" data-vce-do-apply=\"all el-a258344e\"><figure><div class=\"vce-single-image-figure-inner\" style=\"width: 735px;\"><div class=\"vce-single-image-inner vce-single-image--absolute\" style=\"width: 100%; padding-bottom: 109.116%;\"><img decoding=\"async\" class=\"vce-single-image\"  width=\"735\" height=\"802\" srcset=\"https:\/\/mexaepic.jlsecurity.mx\/wp-content\/uploads\/2025\/02\/CARPAS-PB-320x349.jpg 320w, https:\/\/mexaepic.jlsecurity.mx\/wp-content\/uploads\/2025\/02\/CARPAS-PB-480x524.jpg 480w, https:\/\/mexaepic.jlsecurity.mx\/wp-content\/uploads\/2025\/02\/CARPAS-PB-735x802.jpg 735w\" src=\"https:\/\/mexaepic.jlsecurity.mx\/wp-content\/uploads\/2025\/02\/CARPAS-PB-735x802.jpg\" data-img-src=\"https:\/\/mexaepic.jlsecurity.mx\/wp-content\/uploads\/2025\/02\/CARPAS-PB.jpg\" data-attachment-id=\"1486\"  alt=\"Carpa\" title=\"CARPAS PB\" \/><\/div><\/div><figcaption hidden=\"\"><\/figcaption><\/figure><\/div><\/div><div class=\"vce-button--style-outline-container vce-button--style-outline-container--align-center\"><span class=\"vce-button--style-outline-wrapper vce\" id=\"el-b047a212\" data-vce-do-apply=\"margin el-b047a212\"><a class=\"vce-button vce-button--style-outline-animated vce-button--style-outline--border-round vce-button--style-outline--size-medium vce-button--style-outline-animated--color-b-255-255-255--fff--3d3d3d vce-button--style-outline-animated--border-color-b-249-108-49--3d3d3d vce-button--style-outline-animated--background-color-b-0-0-0\" href=\"http:\/\/wa.me\/525577197252?text=Hola, quiero comprar esta Carpa Publicitaria por medio de la P\u00e1gina Web.\" title=\"\" target=\"_blank\" data-vce-do-apply=\"padding border background  el-b047a212\" rel=\"noopener\"><span class=\"vce-button--style-outline-text\">COMPRAR<\/span><\/a><\/span><\/div><\/div><\/div><\/div><div class=\"vce-col vce-col--md-auto vce-col--xs-1 vce-col--xs-last vce-col--xs-first vce-col--sm-last vce-col--sm-first vce-col--md-last vce-col--lg-last vce-col--xl-last\" id=\"el-8c93e23b\"><div class=\"vce-col-inner\" data-vce-do-apply=\"border margin background  el-8c93e23b\"><div class=\"vce-col-content\" data-vce-element-content=\"true\" data-vce-do-apply=\"padding el-8c93e23b\"><div class=\"vce-text-block\"><div class=\"vce-text-block-wrapper vce\" id=\"el-55a4799a\" data-vce-do-apply=\"all el-55a4799a\"><h2><strong>Carpas<\/strong><\/h2><\/div><\/div><div class=\"vce-text-block\"><div class=\"vce-text-block-wrapper vce\" id=\"el-6127ff99\" data-vce-do-apply=\"all el-6127ff99\"><p style=\"font-size: 18px; font-weight: bold;\">COSTOS CON IVA<\/p>\n<p style=\"font-size: 18px; font-weight: bold;\">Carpa Plegable Personalizada (2mts x 2mts) $10,360<br>Carpa Plegable Personalizada (3mts x 3mts) $12,030<\/p>\n<p style=\"font-size: 18px; font-weight: bold;\">*CARACTER\u00cdSTICAS<br>Impreesi\u00f3n en Tela Sublimada<br>Estructura de aluminio reforzado (americana)<br>Medidas: 2.00\u00d72.00m y 3.00\u00d73.00m Incluye:<br>Toldo<br>Pared y 2 medias paredes y bolsa transportodora<\/p>\n<p style=\"font-size: 18px; font-weight: bold;\">COSTOS SIN IVA<\/p>\n<p style=\"font-size: 18px; font-weight: bold;\">Carpa Plegable Personalizada (2mts x 2mts) $9,230<br>Carpa Plegable Personalizada (3mts x 3mts) $10,370<\/p>\n<p style=\"font-size: 18px; font-weight: bold;\">*CARACTER\u00cdSTICAS<br>Impreesi\u00f3n en Tela Sublimada<br>Estructura de aluminio reforzado (americana)<br>Medidas: 2.00\u00d72.00m y 3.00\u00d73.00m Incluye:<br>Toldo<br>Pared y 2 medias paredes y bolsa transportodora<\/p><\/div><\/div><\/div><\/div><\/div><\/div><\/div><\/div>\n","protected":false},"excerpt":{"rendered":"<p>Carpas PublicitariasCOMPRARCarpasCOSTOS CON IVA Carpa Plegable Personalizada (2mts x 2mts) $10,360Carpa Plegable Personalizada (3mts x 3mts) $12,030 *CARACTER\u00cdSTICASImpreesi\u00f3n en Tela SublimadaEstructura de aluminio reforzado (americana)Medidas: 2.00\u00d72.00m y 3.00\u00d73.00m Incluye:ToldoPared y 2 medias paredes y bolsa transportodora COSTOS SIN IVA Carpa Plegable Personalizada (2mts x 2mts) $9,230Carpa Plegable Personalizada (3mts x 3mts) $10,370 *CARACTER\u00cdSTICASImpreesi\u00f3n en Tela [&hellip;]<\/p>\n","protected":false},"author":2,"featured_media":0,"parent":0,"menu_order":0,"comment_status":"closed","ping_status":"closed","template":"","meta":{"footnotes":""},"class_list":["post-1478","page","type-page","status-publish","hentry"],"yoast_head":"<!-- This site is optimized with the Yoast SEO plugin v24.4 - https:\/\/yoast.com\/wordpress\/plugins\/seo\/ -->\n<title>Carpas -<\/title>\n<meta name=\"robots\" content=\"index, follow, max-snippet:-1, max-image-preview:large, max-video-preview:-1\" \/>\n<link rel=\"canonical\" href=\"https:\/\/mexaepic.jlsecurity.mx\/index.php\/carpas\/\" \/>\n<meta property=\"og:locale\" content=\"es_MX\" \/>\n<meta property=\"og:type\" content=\"article\" \/>\n<meta property=\"og:title\" content=\"Carpas -\" \/>\n<meta property=\"og:description\" content=\"Carpas PublicitariasCOMPRARCarpasCOSTOS CON IVA Carpa Plegable Personalizada (2mts x 2mts) $10,360Carpa Plegable Personalizada (3mts x 3mts) $12,030 *CARACTER\u00cdSTICASImpreesi\u00f3n en Tela SublimadaEstructura de aluminio reforzado (americana)Medidas: 2.00\u00d72.00m y 3.00\u00d73.00m Incluye:ToldoPared y 2 medias paredes y bolsa transportodora COSTOS SIN IVA Carpa Plegable Personalizada (2mts x 2mts) $9,230Carpa Plegable Personalizada (3mts x 3mts) $10,370 *CARACTER\u00cdSTICASImpreesi\u00f3n en Tela [&hellip;]\" \/>\n<meta property=\"og:url\" content=\"https:\/\/mexaepic.jlsecurity.mx\/index.php\/carpas\/\" \/>\n<meta property=\"article:modified_time\" content=\"2025-02-03T19:58:01+00:00\" \/>\n<meta name=\"twitter:card\" content=\"summary_large_image\" \/>\n<script type=\"application\/ld+json\" class=\"yoast-schema-graph\">{\"@context\":\"https:\/\/schema.org\",\"@graph\":[{\"@type\":\"WebPage\",\"@id\":\"https:\/\/mexaepic.jlsecurity.mx\/index.php\/carpas\/\",\"url\":\"https:\/\/mexaepic.jlsecurity.mx\/index.php\/carpas\/\",\"name\":\"Carpas -\",\"isPartOf\":{\"@id\":\"https:\/\/mexaepic.jlsecurity.mx\/#website\"},\"datePublished\":\"2025-02-03T19:47:15+00:00\",\"dateModified\":\"2025-02-03T19:58:01+00:00\",\"breadcrumb\":{\"@id\":\"https:\/\/mexaepic.jlsecurity.mx\/index.php\/carpas\/#breadcrumb\"},\"inLanguage\":\"es\",\"potentialAction\":[{\"@type\":\"ReadAction\",\"target\":[\"https:\/\/mexaepic.jlsecurity.mx\/index.php\/carpas\/\"]}]},{\"@type\":\"BreadcrumbList\",\"@id\":\"https:\/\/mexaepic.jlsecurity.mx\/index.php\/carpas\/#breadcrumb\",\"itemListElement\":[{\"@type\":\"ListItem\",\"position\":1,\"name\":\"Inicio\",\"item\":\"https:\/\/mexaepic.jlsecurity.mx\/\"},{\"@type\":\"ListItem\",\"position\":2,\"name\":\"Carpas\"}]},{\"@type\":\"WebSite\",\"@id\":\"https:\/\/mexaepic.jlsecurity.mx\/#website\",\"url\":\"https:\/\/mexaepic.jlsecurity.mx\/\",\"name\":\"Mexa Epic Publicidad\",\"description\":\"Publicidad impresa y digital\",\"publisher\":{\"@id\":\"https:\/\/mexaepic.jlsecurity.mx\/#organization\"},\"potentialAction\":[{\"@type\":\"SearchAction\",\"target\":{\"@type\":\"EntryPoint\",\"urlTemplate\":\"https:\/\/mexaepic.jlsecurity.mx\/?s={search_term_string}\"},\"query-input\":{\"@type\":\"PropertyValueSpecification\",\"valueRequired\":true,\"valueName\":\"search_term_string\"}}],\"inLanguage\":\"es\"},{\"@type\":\"Organization\",\"@id\":\"https:\/\/mexaepic.jlsecurity.mx\/#organization\",\"name\":\"Mexa Epic Publicidad\",\"url\":\"https:\/\/mexaepic.jlsecurity.mx\/\",\"logo\":{\"@type\":\"ImageObject\",\"inLanguage\":\"es\",\"@id\":\"https:\/\/mexaepic.jlsecurity.mx\/#\/schema\/logo\/image\/\",\"url\":\"https:\/\/mexaepic.jlsecurity.mx\/wp-content\/uploads\/2024\/09\/LOGO-mexa-epic-W-soimbra.png\",\"contentUrl\":\"https:\/\/mexaepic.jlsecurity.mx\/wp-content\/uploads\/2024\/09\/LOGO-mexa-epic-W-soimbra.png\",\"width\":1000,\"height\":1000,\"caption\":\"Mexa Epic Publicidad\"},\"image\":{\"@id\":\"https:\/\/mexaepic.jlsecurity.mx\/#\/schema\/logo\/image\/\"}}]}<\/script>\n<!-- \/ Yoast SEO plugin. -->","yoast_head_json":{"title":"Carpas -","robots":{"index":"index","follow":"follow","max-snippet":"max-snippet:-1","max-image-preview":"max-image-preview:large","max-video-preview":"max-video-preview:-1"},"canonical":"https:\/\/mexaepic.jlsecurity.mx\/index.php\/carpas\/","og_locale":"es_MX","og_type":"article","og_title":"Carpas -","og_description":"Carpas PublicitariasCOMPRARCarpasCOSTOS CON IVA Carpa Plegable Personalizada (2mts x 2mts) $10,360Carpa Plegable Personalizada (3mts x 3mts) $12,030 *CARACTER\u00cdSTICASImpreesi\u00f3n en Tela SublimadaEstructura de aluminio reforzado (americana)Medidas: 2.00\u00d72.00m y 3.00\u00d73.00m Incluye:ToldoPared y 2 medias paredes y bolsa transportodora COSTOS SIN IVA Carpa Plegable Personalizada (2mts x 2mts) $9,230Carpa Plegable Personalizada (3mts x 3mts) $10,370 *CARACTER\u00cdSTICASImpreesi\u00f3n en Tela [&hellip;]","og_url":"https:\/\/mexaepic.jlsecurity.mx\/index.php\/carpas\/","article_modified_time":"2025-02-03T19:58:01+00:00","twitter_card":"summary_large_image","schema":{"@context":"https:\/\/schema.org","@graph":[{"@type":"WebPage","@id":"https:\/\/mexaepic.jlsecurity.mx\/index.php\/carpas\/","url":"https:\/\/mexaepic.jlsecurity.mx\/index.php\/carpas\/","name":"Carpas -","isPartOf":{"@id":"https:\/\/mexaepic.jlsecurity.mx\/#website"},"datePublished":"2025-02-03T19:47:15+00:00","dateModified":"2025-02-03T19:58:01+00:00","breadcrumb":{"@id":"https:\/\/mexaepic.jlsecurity.mx\/index.php\/carpas\/#breadcrumb"},"inLanguage":"es","potentialAction":[{"@type":"ReadAction","target":["https:\/\/mexaepic.jlsecurity.mx\/index.php\/carpas\/"]}]},{"@type":"BreadcrumbList","@id":"https:\/\/mexaepic.jlsecurity.mx\/index.php\/carpas\/#breadcrumb","itemListElement":[{"@type":"ListItem","position":1,"name":"Inicio","item":"https:\/\/mexaepic.jlsecurity.mx\/"},{"@type":"ListItem","position":2,"name":"Carpas"}]},{"@type":"WebSite","@id":"https:\/\/mexaepic.jlsecurity.mx\/#website","url":"https:\/\/mexaepic.jlsecurity.mx\/","name":"Mexa Epic Publicidad","description":"Publicidad impresa y digital","publisher":{"@id":"https:\/\/mexaepic.jlsecurity.mx\/#organization"},"potentialAction":[{"@type":"SearchAction","target":{"@type":"EntryPoint","urlTemplate":"https:\/\/mexaepic.jlsecurity.mx\/?s={search_term_string}"},"query-input":{"@type":"PropertyValueSpecification","valueRequired":true,"valueName":"search_term_string"}}],"inLanguage":"es"},{"@type":"Organization","@id":"https:\/\/mexaepic.jlsecurity.mx\/#organization","name":"Mexa Epic Publicidad","url":"https:\/\/mexaepic.jlsecurity.mx\/","logo":{"@type":"ImageObject","inLanguage":"es","@id":"https:\/\/mexaepic.jlsecurity.mx\/#\/schema\/logo\/image\/","url":"https:\/\/mexaepic.jlsecurity.mx\/wp-content\/uploads\/2024\/09\/LOGO-mexa-epic-W-soimbra.png","contentUrl":"https:\/\/mexaepic.jlsecurity.mx\/wp-content\/uploads\/2024\/09\/LOGO-mexa-epic-W-soimbra.png","width":1000,"height":1000,"caption":"Mexa Epic Publicidad"},"image":{"@id":"https:\/\/mexaepic.jlsecurity.mx\/#\/schema\/logo\/image\/"}}]}},"jetpack_sharing_enabled":true,"_links":{"self":[{"href":"https:\/\/mexaepic.jlsecurity.mx\/index.php\/wp-json\/wp\/v2\/pages\/1478","targetHints":{"allow":["GET"]}}],"collection":[{"href":"https:\/\/mexaepic.jlsecurity.mx\/index.php\/wp-json\/wp\/v2\/pages"}],"about":[{"href":"https:\/\/mexaepic.jlsecurity.mx\/index.php\/wp-json\/wp\/v2\/types\/page"}],"author":[{"embeddable":true,"href":"https:\/\/mexaepic.jlsecurity.mx\/index.php\/wp-json\/wp\/v2\/users\/2"}],"replies":[{"embeddable":true,"href":"https:\/\/mexaepic.jlsecurity.mx\/index.php\/wp-json\/wp\/v2\/comments?post=1478"}],"version-history":[{"count":7,"href":"https:\/\/mexaepic.jlsecurity.mx\/index.php\/wp-json\/wp\/v2\/pages\/1478\/revisions"}],"predecessor-version":[{"id":1488,"href":"https:\/\/mexaepic.jlsecurity.mx\/index.php\/wp-json\/wp\/v2\/pages\/1478\/revisions\/1488"}],"wp:attachment":[{"href":"https:\/\/mexaepic.jlsecurity.mx\/index.php\/wp-json\/wp\/v2\/media?parent=1478"}],"curies":[{"name":"wp","href":"https:\/\/api.w.org\/{rel}","templated":true}]}}