{"id":1415,"date":"2025-02-01T17:42:50","date_gmt":"2025-02-01T23:42:50","guid":{"rendered":"https:\/\/mexaepic.jlsecurity.mx\/?page_id=1415"},"modified":"2025-02-01T17:53:35","modified_gmt":"2025-02-01T23:53:35","slug":"papel-grado-alimenticio","status":"publish","type":"page","link":"https:\/\/mexaepic.jlsecurity.mx\/index.php\/papel-grado-alimenticio\/","title":{"rendered":"Papel Grado Alimenticio"},"content":{"rendered":"<div class=\"vce-row-container\" data-vce-boxed-width=\"true\"><div class=\"vce-row vce-row--col-gap-30 vce-row-equal-height vce-row-content--top\" id=\"el-1d75f8ba\" data-vce-do-apply=\"all el-1d75f8ba\"><div class=\"vce-row-content\" data-vce-element-content=\"true\"><div class=\"vce-col vce-col--md-auto vce-col--xs-1 vce-col--xs-last vce-col--xs-first vce-col--sm-last vce-col--sm-first vce-col--md-last vce-col--lg-last vce-col--xl-last vce-col--md-first vce-col--lg-first vce-col--xl-first\" id=\"el-5a633406\"><div class=\"vce-col-inner\" data-vce-do-apply=\"border margin background  el-5a633406\"><div class=\"vce-col-content\" data-vce-element-content=\"true\" data-vce-do-apply=\"padding el-5a633406\"><div class=\"vce-text-block\"><div class=\"vce-text-block-wrapper vce\" id=\"el-fd60860a\" data-vce-do-apply=\"all el-fd60860a\"><h2 style=\"font-size: clamp(2.625rem, -1.41348rem + 8.4135vw, 3.25rem); text-align: center;\"><strong>Papel Grado Alimenticio<\/strong><\/h2><\/div><\/div><\/div><\/div><\/div><\/div><\/div><\/div><div class=\"vce-row-container\" data-vce-boxed-width=\"true\"><div class=\"vce-row vce-row--col-gap-30 vce-row-equal-height vce-row-content--top\" id=\"el-039aeca9\" data-vce-do-apply=\"all el-039aeca9\"><div class=\"vce-row-content\" data-vce-element-content=\"true\"><div class=\"vce-col vce-col--md-auto vce-col--xs-1 vce-col--xs-last vce-col--xs-first vce-col--sm-last vce-col--sm-first vce-col--md-first vce-col--lg-first vce-col--xl-first\" id=\"el-20d9f07d\"><div class=\"vce-col-inner\" data-vce-do-apply=\"border margin background  el-20d9f07d\"><div class=\"vce-col-content\" data-vce-element-content=\"true\" data-vce-do-apply=\"padding el-20d9f07d\"><div class=\"vce-single-image-container vce-single-image--align-left\"><div class=\"vce vce-single-image-wrapper\" id=\"el-f4bc5a26\" data-vce-do-apply=\"all el-f4bc5a26\"><figure><div class=\"vce-single-image-figure-inner\" style=\"width: 564px;\"><div class=\"vce-single-image-inner vce-single-image--absolute\" style=\"width: 100%; padding-bottom: 100%;\"><img fetchpriority=\"high\" decoding=\"async\" class=\"vce-single-image\"  width=\"564\" height=\"564\" srcset=\"https:\/\/mexaepic.jlsecurity.mx\/wp-content\/uploads\/2025\/02\/PAPELALIMENTICIOx6-320x320.jpg 320w, https:\/\/mexaepic.jlsecurity.mx\/wp-content\/uploads\/2025\/02\/PAPELALIMENTICIOx6-480x480.jpg 480w, https:\/\/mexaepic.jlsecurity.mx\/wp-content\/uploads\/2025\/02\/PAPELALIMENTICIOx6-564x564.jpg 564w\" src=\"https:\/\/mexaepic.jlsecurity.mx\/wp-content\/uploads\/2025\/02\/PAPELALIMENTICIOx6-564x564.jpg\" data-img-src=\"https:\/\/mexaepic.jlsecurity.mx\/wp-content\/uploads\/2025\/02\/PAPELALIMENTICIOx6.jpg\" data-attachment-id=\"1418\"  alt=\"Papel Grado Alimenticio\" title=\"PAPELALIMENTICIOx6\" \/><\/div><\/div><figcaption hidden=\"\"><\/figcaption><\/figure><\/div><\/div><div class=\"vce-single-image-container vce-single-image--align-left\"><div class=\"vce vce-single-image-wrapper\" id=\"el-5d7d1957\" data-vce-do-apply=\"all el-5d7d1957\"><figure><div class=\"vce-single-image-figure-inner\" style=\"width: 612px;\"><div class=\"vce-single-image-inner vce-single-image--absolute\" style=\"width: 100%; padding-bottom: 100%;\"><img decoding=\"async\" class=\"vce-single-image\"  width=\"612\" height=\"612\" srcset=\"https:\/\/mexaepic.jlsecurity.mx\/wp-content\/uploads\/2025\/02\/2f9e349f-7439-41fa-a393-cf9d80c2dea8.a73193410e6ecfdf4584501e9f014857-320x320.webp 320w, https:\/\/mexaepic.jlsecurity.mx\/wp-content\/uploads\/2025\/02\/2f9e349f-7439-41fa-a393-cf9d80c2dea8.a73193410e6ecfdf4584501e9f014857-480x480.webp 480w, https:\/\/mexaepic.jlsecurity.mx\/wp-content\/uploads\/2025\/02\/2f9e349f-7439-41fa-a393-cf9d80c2dea8.a73193410e6ecfdf4584501e9f014857-612x612.webp 612w\" src=\"https:\/\/mexaepic.jlsecurity.mx\/wp-content\/uploads\/2025\/02\/2f9e349f-7439-41fa-a393-cf9d80c2dea8.a73193410e6ecfdf4584501e9f014857-612x612.webp\" data-img-src=\"https:\/\/mexaepic.jlsecurity.mx\/wp-content\/uploads\/2025\/02\/2f9e349f-7439-41fa-a393-cf9d80c2dea8.a73193410e6ecfdf4584501e9f014857.webp\" data-attachment-id=\"1421\"  alt=\"Papel Grado Alim\" title=\"2f9e349f-7439-41fa-a393-cf9d80c2dea8.a73193410e6ecfdf4584501e9f014857\" \/><\/div><\/div><figcaption hidden=\"\"><\/figcaption><\/figure><\/div><\/div><div class=\"vce-single-image-container vce-single-image--align-left\"><div class=\"vce vce-single-image-wrapper\" id=\"el-f70edd75\" data-vce-do-apply=\"all el-f70edd75\"><figure><div class=\"vce-single-image-figure-inner\" style=\"width: 560px;\"><div class=\"vce-single-image-inner vce-single-image--absolute\" style=\"width: 100%; padding-bottom: 100%;\"><img decoding=\"async\" class=\"vce-single-image\"  width=\"560\" height=\"560\" srcset=\"https:\/\/mexaepic.jlsecurity.mx\/wp-content\/uploads\/2025\/02\/0014716_papel-grado-alimenticio_560-320x320.png 320w, https:\/\/mexaepic.jlsecurity.mx\/wp-content\/uploads\/2025\/02\/0014716_papel-grado-alimenticio_560-480x480.png 480w, https:\/\/mexaepic.jlsecurity.mx\/wp-content\/uploads\/2025\/02\/0014716_papel-grado-alimenticio_560-560x560.png 560w\" src=\"https:\/\/mexaepic.jlsecurity.mx\/wp-content\/uploads\/2025\/02\/0014716_papel-grado-alimenticio_560-560x560.png\" data-img-src=\"https:\/\/mexaepic.jlsecurity.mx\/wp-content\/uploads\/2025\/02\/0014716_papel-grado-alimenticio_560.png\" data-attachment-id=\"1422\"  alt=\"Papel GRado Alimenticio\" title=\"0014716_papel-grado-alimenticio_560\" \/><\/div><\/div><figcaption hidden=\"\"><\/figcaption><\/figure><\/div><\/div><div class=\"vce-button--style-outline-container vce-button--style-outline-container--align-center\"><span class=\"vce-button--style-outline-wrapper vce\" id=\"el-ead115b5\" data-vce-do-apply=\"margin el-ead115b5\"><a class=\"vce-button vce-button--style-outline-animated vce-button--style-outline--border-round vce-button--style-outline--size-medium vce-button--style-outline-animated--color-b-255-255-255--fff--3d3d3d vce-button--style-outline-animated--border-color-b-249-108-49--3d3d3d vce-button--style-outline-animated--background-color-b-0-0-0\" href=\"http:\/\/wa.me\/525577197252?text=Hola, quiero comprar estas Tarjetas Normales por medio de la P\u00e1gina Web.\" title=\"\" target=\"_blank\" data-vce-do-apply=\"padding border background  el-ead115b5\" rel=\"noopener\"><span class=\"vce-button--style-outline-text\">COMPRAR<\/span><\/a><\/span><\/div><\/div><\/div><\/div><div class=\"vce-col vce-col--md-auto vce-col--xs-1 vce-col--xs-last vce-col--xs-first vce-col--sm-last vce-col--sm-first vce-col--md-last vce-col--lg-last vce-col--xl-last\" id=\"el-119323a4\"><div class=\"vce-col-inner\" data-vce-do-apply=\"border margin background  el-119323a4\"><div class=\"vce-col-content\" data-vce-element-content=\"true\" data-vce-do-apply=\"padding el-119323a4\"><div class=\"vce-text-block\"><div class=\"vce-text-block-wrapper vce\" id=\"el-9e2601c4\" data-vce-do-apply=\"all el-9e2601c4\"><h2 style=\"font-size: clamp(2.625rem, -1.41348rem + 8.4135vw, 3.25rem);\"><strong>Papel Grado Alimenticio<\/strong><\/h2><\/div><\/div><div class=\"vce-text-block\"><div class=\"vce-text-block-wrapper vce\" id=\"el-ec4308af\" data-vce-do-apply=\"all el-ec4308af\"><p style=\"font-size: 18px; font-weight: bold;\">MILLAR \u2013 COSTOS CON IVA<\/p>\n<p style=\"font-size: 18px; font-weight: bold;\">30cm\u00d730cm $1,169<br>30cm\u00d720cm $1,107<br>15cm\u00d720cm $861<br>15cm\u00d715cm $800<br>20cm\u00d720cm $923<br>30cm\u00d740cm $1,292<br>43\u00d733 $1,476<br>T\u00e9rmico-Aluminio 30cm x 30cm (500pz) $1,970&nbsp;<br>T\u00e9rmico-Aluminio Personalizado 30cm x 30cm (50,000pz) $140,360<br>Todos los precios son por millar a una tinta<br>Incluye dise\u00f1o profesional<\/p>\n<p style=\"font-size: 18px; font-weight: bold;\">MILLAR \u2013 COSTOS SIN IVA<\/p>\n<p style=\"font-size: 18px; font-weight: bold;\">Millar de papel grado alimenticio<\/p>\n<p style=\"font-size: 18px; font-weight: bold;\">30\u00d730 $950<br>30\u00d720 $900<br>15\u00d720 $700<br>15\u00d715 $650<br>20\u00d720 $750<br>30\u00d740 $1,050<br>43\u00d733 $1,200<br>T\u00e9rmico-Aluminio 30cm x 30cm (500pz) $1,550&nbsp;<br>T\u00e9rmico-Aluminio Personalizado 30cm x 30cm (50,000pz) $105,000<br>Todos los precios son por millar a una tinta<br>Incluye dise\u00f1o profesional<\/p><\/div><\/div><\/div><\/div><\/div><\/div><\/div><\/div>\n","protected":false},"excerpt":{"rendered":"<p>Papel Grado AlimenticioCOMPRARPapel Grado AlimenticioMILLAR \u2013 COSTOS CON IVA 30cm\u00d730cm $1,16930cm\u00d720cm $1,10715cm\u00d720cm $86115cm\u00d715cm $80020cm\u00d720cm $92330cm\u00d740cm $1,29243\u00d733 $1,476T\u00e9rmico-Aluminio 30cm x 30cm (500pz) $1,970&nbsp;T\u00e9rmico-Aluminio Personalizado 30cm x 30cm (50,000pz) $140,360Todos los precios son por millar a una tintaIncluye dise\u00f1o profesional MILLAR \u2013 COSTOS SIN IVA Millar de papel grado alimenticio 30\u00d730 $95030\u00d720 $90015\u00d720 $70015\u00d715 $65020\u00d720 $75030\u00d740 $1,05043\u00d733 [&hellip;]<\/p>\n","protected":false},"author":2,"featured_media":0,"parent":0,"menu_order":0,"comment_status":"closed","ping_status":"closed","template":"","meta":{"footnotes":""},"class_list":["post-1415","page","type-page","status-publish","hentry"],"yoast_head":"<!-- This site is optimized with the Yoast SEO plugin v24.4 - https:\/\/yoast.com\/wordpress\/plugins\/seo\/ -->\n<title>Papel Grado Alimenticio -<\/title>\n<meta name=\"robots\" content=\"index, follow, max-snippet:-1, max-image-preview:large, max-video-preview:-1\" \/>\n<link rel=\"canonical\" href=\"https:\/\/mexaepic.jlsecurity.mx\/index.php\/papel-grado-alimenticio\/\" \/>\n<meta property=\"og:locale\" content=\"es_MX\" \/>\n<meta property=\"og:type\" content=\"article\" \/>\n<meta property=\"og:title\" content=\"Papel Grado Alimenticio -\" \/>\n<meta property=\"og:description\" content=\"Papel Grado AlimenticioCOMPRARPapel Grado AlimenticioMILLAR \u2013 COSTOS CON IVA 30cm\u00d730cm $1,16930cm\u00d720cm $1,10715cm\u00d720cm $86115cm\u00d715cm $80020cm\u00d720cm $92330cm\u00d740cm $1,29243\u00d733 $1,476T\u00e9rmico-Aluminio 30cm x 30cm (500pz) $1,970&nbsp;T\u00e9rmico-Aluminio Personalizado 30cm x 30cm (50,000pz) $140,360Todos los precios son por millar a una tintaIncluye dise\u00f1o profesional MILLAR \u2013 COSTOS SIN IVA Millar de papel grado alimenticio 30\u00d730 $95030\u00d720 $90015\u00d720 $70015\u00d715 $65020\u00d720 $75030\u00d740 $1,05043\u00d733 [&hellip;]\" \/>\n<meta property=\"og:url\" content=\"https:\/\/mexaepic.jlsecurity.mx\/index.php\/papel-grado-alimenticio\/\" \/>\n<meta property=\"article:modified_time\" content=\"2025-02-01T23:53:35+00:00\" \/>\n<meta name=\"twitter:card\" content=\"summary_large_image\" \/>\n<script type=\"application\/ld+json\" class=\"yoast-schema-graph\">{\"@context\":\"https:\/\/schema.org\",\"@graph\":[{\"@type\":\"WebPage\",\"@id\":\"https:\/\/mexaepic.jlsecurity.mx\/index.php\/papel-grado-alimenticio\/\",\"url\":\"https:\/\/mexaepic.jlsecurity.mx\/index.php\/papel-grado-alimenticio\/\",\"name\":\"Papel Grado Alimenticio -\",\"isPartOf\":{\"@id\":\"https:\/\/mexaepic.jlsecurity.mx\/#website\"},\"datePublished\":\"2025-02-01T23:42:50+00:00\",\"dateModified\":\"2025-02-01T23:53:35+00:00\",\"breadcrumb\":{\"@id\":\"https:\/\/mexaepic.jlsecurity.mx\/index.php\/papel-grado-alimenticio\/#breadcrumb\"},\"inLanguage\":\"es\",\"potentialAction\":[{\"@type\":\"ReadAction\",\"target\":[\"https:\/\/mexaepic.jlsecurity.mx\/index.php\/papel-grado-alimenticio\/\"]}]},{\"@type\":\"BreadcrumbList\",\"@id\":\"https:\/\/mexaepic.jlsecurity.mx\/index.php\/papel-grado-alimenticio\/#breadcrumb\",\"itemListElement\":[{\"@type\":\"ListItem\",\"position\":1,\"name\":\"Inicio\",\"item\":\"https:\/\/mexaepic.jlsecurity.mx\/\"},{\"@type\":\"ListItem\",\"position\":2,\"name\":\"Papel Grado Alimenticio\"}]},{\"@type\":\"WebSite\",\"@id\":\"https:\/\/mexaepic.jlsecurity.mx\/#website\",\"url\":\"https:\/\/mexaepic.jlsecurity.mx\/\",\"name\":\"Mexa Epic Publicidad\",\"description\":\"Publicidad impresa y digital\",\"publisher\":{\"@id\":\"https:\/\/mexaepic.jlsecurity.mx\/#organization\"},\"potentialAction\":[{\"@type\":\"SearchAction\",\"target\":{\"@type\":\"EntryPoint\",\"urlTemplate\":\"https:\/\/mexaepic.jlsecurity.mx\/?s={search_term_string}\"},\"query-input\":{\"@type\":\"PropertyValueSpecification\",\"valueRequired\":true,\"valueName\":\"search_term_string\"}}],\"inLanguage\":\"es\"},{\"@type\":\"Organization\",\"@id\":\"https:\/\/mexaepic.jlsecurity.mx\/#organization\",\"name\":\"Mexa Epic Publicidad\",\"url\":\"https:\/\/mexaepic.jlsecurity.mx\/\",\"logo\":{\"@type\":\"ImageObject\",\"inLanguage\":\"es\",\"@id\":\"https:\/\/mexaepic.jlsecurity.mx\/#\/schema\/logo\/image\/\",\"url\":\"https:\/\/mexaepic.jlsecurity.mx\/wp-content\/uploads\/2024\/09\/LOGO-mexa-epic-W-soimbra.png\",\"contentUrl\":\"https:\/\/mexaepic.jlsecurity.mx\/wp-content\/uploads\/2024\/09\/LOGO-mexa-epic-W-soimbra.png\",\"width\":1000,\"height\":1000,\"caption\":\"Mexa Epic Publicidad\"},\"image\":{\"@id\":\"https:\/\/mexaepic.jlsecurity.mx\/#\/schema\/logo\/image\/\"}}]}<\/script>\n<!-- \/ Yoast SEO plugin. -->","yoast_head_json":{"title":"Papel Grado Alimenticio -","robots":{"index":"index","follow":"follow","max-snippet":"max-snippet:-1","max-image-preview":"max-image-preview:large","max-video-preview":"max-video-preview:-1"},"canonical":"https:\/\/mexaepic.jlsecurity.mx\/index.php\/papel-grado-alimenticio\/","og_locale":"es_MX","og_type":"article","og_title":"Papel Grado Alimenticio -","og_description":"Papel Grado AlimenticioCOMPRARPapel Grado AlimenticioMILLAR \u2013 COSTOS CON IVA 30cm\u00d730cm $1,16930cm\u00d720cm $1,10715cm\u00d720cm $86115cm\u00d715cm $80020cm\u00d720cm $92330cm\u00d740cm $1,29243\u00d733 $1,476T\u00e9rmico-Aluminio 30cm x 30cm (500pz) $1,970&nbsp;T\u00e9rmico-Aluminio Personalizado 30cm x 30cm (50,000pz) $140,360Todos los precios son por millar a una tintaIncluye dise\u00f1o profesional MILLAR \u2013 COSTOS SIN IVA Millar de papel grado alimenticio 30\u00d730 $95030\u00d720 $90015\u00d720 $70015\u00d715 $65020\u00d720 $75030\u00d740 $1,05043\u00d733 [&hellip;]","og_url":"https:\/\/mexaepic.jlsecurity.mx\/index.php\/papel-grado-alimenticio\/","article_modified_time":"2025-02-01T23:53:35+00:00","twitter_card":"summary_large_image","schema":{"@context":"https:\/\/schema.org","@graph":[{"@type":"WebPage","@id":"https:\/\/mexaepic.jlsecurity.mx\/index.php\/papel-grado-alimenticio\/","url":"https:\/\/mexaepic.jlsecurity.mx\/index.php\/papel-grado-alimenticio\/","name":"Papel Grado Alimenticio -","isPartOf":{"@id":"https:\/\/mexaepic.jlsecurity.mx\/#website"},"datePublished":"2025-02-01T23:42:50+00:00","dateModified":"2025-02-01T23:53:35+00:00","breadcrumb":{"@id":"https:\/\/mexaepic.jlsecurity.mx\/index.php\/papel-grado-alimenticio\/#breadcrumb"},"inLanguage":"es","potentialAction":[{"@type":"ReadAction","target":["https:\/\/mexaepic.jlsecurity.mx\/index.php\/papel-grado-alimenticio\/"]}]},{"@type":"BreadcrumbList","@id":"https:\/\/mexaepic.jlsecurity.mx\/index.php\/papel-grado-alimenticio\/#breadcrumb","itemListElement":[{"@type":"ListItem","position":1,"name":"Inicio","item":"https:\/\/mexaepic.jlsecurity.mx\/"},{"@type":"ListItem","position":2,"name":"Papel Grado Alimenticio"}]},{"@type":"WebSite","@id":"https:\/\/mexaepic.jlsecurity.mx\/#website","url":"https:\/\/mexaepic.jlsecurity.mx\/","name":"Mexa Epic Publicidad","description":"Publicidad impresa y digital","publisher":{"@id":"https:\/\/mexaepic.jlsecurity.mx\/#organization"},"potentialAction":[{"@type":"SearchAction","target":{"@type":"EntryPoint","urlTemplate":"https:\/\/mexaepic.jlsecurity.mx\/?s={search_term_string}"},"query-input":{"@type":"PropertyValueSpecification","valueRequired":true,"valueName":"search_term_string"}}],"inLanguage":"es"},{"@type":"Organization","@id":"https:\/\/mexaepic.jlsecurity.mx\/#organization","name":"Mexa Epic Publicidad","url":"https:\/\/mexaepic.jlsecurity.mx\/","logo":{"@type":"ImageObject","inLanguage":"es","@id":"https:\/\/mexaepic.jlsecurity.mx\/#\/schema\/logo\/image\/","url":"https:\/\/mexaepic.jlsecurity.mx\/wp-content\/uploads\/2024\/09\/LOGO-mexa-epic-W-soimbra.png","contentUrl":"https:\/\/mexaepic.jlsecurity.mx\/wp-content\/uploads\/2024\/09\/LOGO-mexa-epic-W-soimbra.png","width":1000,"height":1000,"caption":"Mexa Epic Publicidad"},"image":{"@id":"https:\/\/mexaepic.jlsecurity.mx\/#\/schema\/logo\/image\/"}}]}},"jetpack_sharing_enabled":true,"_links":{"self":[{"href":"https:\/\/mexaepic.jlsecurity.mx\/index.php\/wp-json\/wp\/v2\/pages\/1415","targetHints":{"allow":["GET"]}}],"collection":[{"href":"https:\/\/mexaepic.jlsecurity.mx\/index.php\/wp-json\/wp\/v2\/pages"}],"about":[{"href":"https:\/\/mexaepic.jlsecurity.mx\/index.php\/wp-json\/wp\/v2\/types\/page"}],"author":[{"embeddable":true,"href":"https:\/\/mexaepic.jlsecurity.mx\/index.php\/wp-json\/wp\/v2\/users\/2"}],"replies":[{"embeddable":true,"href":"https:\/\/mexaepic.jlsecurity.mx\/index.php\/wp-json\/wp\/v2\/comments?post=1415"}],"version-history":[{"count":5,"href":"https:\/\/mexaepic.jlsecurity.mx\/index.php\/wp-json\/wp\/v2\/pages\/1415\/revisions"}],"predecessor-version":[{"id":1423,"href":"https:\/\/mexaepic.jlsecurity.mx\/index.php\/wp-json\/wp\/v2\/pages\/1415\/revisions\/1423"}],"wp:attachment":[{"href":"https:\/\/mexaepic.jlsecurity.mx\/index.php\/wp-json\/wp\/v2\/media?parent=1415"}],"curies":[{"name":"wp","href":"https:\/\/api.w.org\/{rel}","templated":true}]}}