{"id":1274,"date":"2024-11-11T11:46:25","date_gmt":"2024-11-11T17:46:25","guid":{"rendered":"https:\/\/mexaepic.jlsecurity.mx\/?page_id=1274"},"modified":"2024-11-11T12:12:15","modified_gmt":"2024-11-11T18:12:15","slug":"folders","status":"publish","type":"page","link":"https:\/\/mexaepic.jlsecurity.mx\/index.php\/folders\/","title":{"rendered":"Folders"},"content":{"rendered":"<div class=\"vce-row-container\" data-vce-boxed-width=\"true\"><div class=\"vce-row vce-row--col-gap-30 vce-row-equal-height vce-row-content--top\" id=\"el-d92cb373\" data-vce-do-apply=\"all el-d92cb373\"><div class=\"vce-row-content\" data-vce-element-content=\"true\"><div class=\"vce-col vce-col--md-auto vce-col--xs-1 vce-col--xs-last vce-col--xs-first vce-col--sm-last vce-col--sm-first vce-col--md-last vce-col--lg-last vce-col--xl-last vce-col--md-first vce-col--lg-first vce-col--xl-first\" id=\"el-d8235498\"><div class=\"vce-col-inner\" data-vce-do-apply=\"border margin background  el-d8235498\"><div class=\"vce-col-content\" data-vce-element-content=\"true\" data-vce-do-apply=\"padding el-d8235498\"><div class=\"vce-text-block\"><div class=\"vce-text-block-wrapper vce\" id=\"el-6d40fb03\" data-vce-do-apply=\"all el-6d40fb03\"><h2 style=\"font-weight: 400; line-height: 1.2; font-size: clamp(2.625rem, -1.41348rem + 8.4135vw, 3.25rem); text-align: center;\"><strong>Folders<\/strong><\/h2><\/div><\/div><\/div><\/div><\/div><\/div><\/div><\/div><div class=\"vce-row-container\" data-vce-boxed-width=\"true\"><div class=\"vce-row vce-row--col-gap-30 vce-row-equal-height vce-row-content--top\" id=\"el-43d528c1\" data-vce-do-apply=\"all el-43d528c1\"><div class=\"vce-content-background-container\"><\/div><div class=\"vce-row-content\" data-vce-element-content=\"true\"><div class=\"vce-col vce-col--md-auto vce-col--xs-1 vce-col--xs-last vce-col--xs-first vce-col--sm-last vce-col--sm-first vce-col--md-first vce-col--lg-first vce-col--xl-first\" id=\"el-2bb702e7\"><div class=\"vce-col-inner\" data-vce-do-apply=\"border margin background  el-2bb702e7\"><div class=\"vce-col-content\" data-vce-element-content=\"true\" data-vce-do-apply=\"padding el-2bb702e7\"><div class=\"vce-single-image-container vce-single-image--align-left\"><div class=\"vce vce-single-image-wrapper\" id=\"el-973877c0\" data-vce-do-apply=\"all el-973877c0\"><figure><div class=\"vce-single-image-figure-inner\" style=\"width: 800px;\"><div class=\"vce-single-image-inner vce-single-image--absolute\" style=\"width: 100%; padding-bottom: 100%;\"><img fetchpriority=\"high\" decoding=\"async\" class=\"vce-single-image\"  width=\"800\" height=\"800\" srcset=\"https:\/\/mexaepic.jlsecurity.mx\/wp-content\/uploads\/2024\/11\/Folder-Personalizado-320x320.jpg 320w, https:\/\/mexaepic.jlsecurity.mx\/wp-content\/uploads\/2024\/11\/Folder-Personalizado-480x480.jpg 480w, https:\/\/mexaepic.jlsecurity.mx\/wp-content\/uploads\/2024\/11\/Folder-Personalizado-800x800.jpg 800w\" src=\"https:\/\/mexaepic.jlsecurity.mx\/wp-content\/uploads\/2024\/11\/Folder-Personalizado-800x800.jpg\" data-img-src=\"https:\/\/mexaepic.jlsecurity.mx\/wp-content\/uploads\/2024\/11\/Folder-Personalizado.jpg\" data-attachment-id=\"1279\"  alt=\"Folders\" title=\"Folders\" \/><\/div><\/div><figcaption hidden=\"\"><\/figcaption><\/figure><\/div><\/div><div class=\"vce-button--style-outline-container vce-button--style-outline-container--align-center\"><span class=\"vce-button--style-outline-wrapper vce\" id=\"el-246cec14\" data-vce-do-apply=\"margin el-246cec14\"><a class=\"vce-button vce-button--style-outline-animated vce-button--style-outline--border-round vce-button--style-outline--size-medium vce-button--style-outline-animated--color-b-255-255-255--fff--3d3d3d vce-button--style-outline-animated--border-color-b-249-108-49--3d3d3d vce-button--style-outline-animated--background-color-b-0-0-0\" href=\"http:\/\/wa.me\/525577197252?text=Hola, quiero comprar Folders Personalizados por medio de la P\u00e1gina Web.\" title=\"\" target=\"_blank\" rel=\"nofollow noopener\" data-vce-do-apply=\"padding border background  el-246cec14\"><span class=\"vce-button--style-outline-text\">COMPRAR<\/span><\/a><\/span><\/div><\/div><\/div><\/div><div class=\"vce-col vce-col--md-auto vce-col--xs-1 vce-col--xs-last vce-col--xs-first vce-col--sm-last vce-col--sm-first vce-col--md-last vce-col--lg-last vce-col--xl-last\" id=\"el-a68e2109\"><div class=\"vce-col-inner\" data-vce-do-apply=\"border margin background  el-a68e2109\"><div class=\"vce-col-content\" data-vce-element-content=\"true\" data-vce-do-apply=\"padding el-a68e2109\"><div class=\"vce-text-block\"><div class=\"vce-text-block-wrapper vce\" id=\"el-7e90c20d\" data-vce-do-apply=\"all el-7e90c20d\"><h2><strong>Folders Personalizados<\/strong><\/h2><\/div><\/div><div class=\"vce-text-block\"><div class=\"vce-text-block-wrapper vce\" id=\"el-e38d1994\" data-vce-do-apply=\"all el-e38d1994\"><p><span style=\"font-size: 18px; font-weight: bold;\">MILLAR<br><br>Tama\u00f1o Carta Barn\u00edz UV Brillante $10,810<\/span><br style=\"font-size: 18px; font-weight: bold;\"><span style=\"font-size: 18px; font-weight: bold;\">Tama\u00f1o Carta Laminado Mate $12,160<\/span><\/p><\/div><\/div><\/div><\/div><\/div><\/div><\/div><\/div>\n","protected":false},"excerpt":{"rendered":"<p>FoldersCOMPRARFolders PersonalizadosMILLARTama\u00f1o Carta Barn\u00edz UV Brillante $10,810Tama\u00f1o Carta Laminado Mate $12,160<\/p>\n","protected":false},"author":2,"featured_media":0,"parent":0,"menu_order":0,"comment_status":"closed","ping_status":"closed","template":"","meta":{"footnotes":""},"class_list":["post-1274","page","type-page","status-publish","hentry"],"yoast_head":"<!-- This site is optimized with the Yoast SEO plugin v24.4 - https:\/\/yoast.com\/wordpress\/plugins\/seo\/ -->\n<title>Folders -<\/title>\n<meta name=\"robots\" content=\"index, follow, max-snippet:-1, max-image-preview:large, max-video-preview:-1\" \/>\n<link rel=\"canonical\" href=\"https:\/\/mexaepic.jlsecurity.mx\/index.php\/folders\/\" \/>\n<meta property=\"og:locale\" content=\"es_MX\" \/>\n<meta property=\"og:type\" content=\"article\" \/>\n<meta property=\"og:title\" content=\"Folders -\" \/>\n<meta property=\"og:description\" content=\"FoldersCOMPRARFolders PersonalizadosMILLARTama\u00f1o Carta Barn\u00edz UV Brillante $10,810Tama\u00f1o Carta Laminado Mate $12,160\" \/>\n<meta property=\"og:url\" content=\"https:\/\/mexaepic.jlsecurity.mx\/index.php\/folders\/\" \/>\n<meta property=\"article:modified_time\" content=\"2024-11-11T18:12:15+00:00\" \/>\n<meta name=\"twitter:card\" content=\"summary_large_image\" \/>\n<script type=\"application\/ld+json\" class=\"yoast-schema-graph\">{\"@context\":\"https:\/\/schema.org\",\"@graph\":[{\"@type\":\"WebPage\",\"@id\":\"https:\/\/mexaepic.jlsecurity.mx\/index.php\/folders\/\",\"url\":\"https:\/\/mexaepic.jlsecurity.mx\/index.php\/folders\/\",\"name\":\"Folders -\",\"isPartOf\":{\"@id\":\"https:\/\/mexaepic.jlsecurity.mx\/#website\"},\"datePublished\":\"2024-11-11T17:46:25+00:00\",\"dateModified\":\"2024-11-11T18:12:15+00:00\",\"breadcrumb\":{\"@id\":\"https:\/\/mexaepic.jlsecurity.mx\/index.php\/folders\/#breadcrumb\"},\"inLanguage\":\"es\",\"potentialAction\":[{\"@type\":\"ReadAction\",\"target\":[\"https:\/\/mexaepic.jlsecurity.mx\/index.php\/folders\/\"]}]},{\"@type\":\"BreadcrumbList\",\"@id\":\"https:\/\/mexaepic.jlsecurity.mx\/index.php\/folders\/#breadcrumb\",\"itemListElement\":[{\"@type\":\"ListItem\",\"position\":1,\"name\":\"Inicio\",\"item\":\"https:\/\/mexaepic.jlsecurity.mx\/\"},{\"@type\":\"ListItem\",\"position\":2,\"name\":\"Folders\"}]},{\"@type\":\"WebSite\",\"@id\":\"https:\/\/mexaepic.jlsecurity.mx\/#website\",\"url\":\"https:\/\/mexaepic.jlsecurity.mx\/\",\"name\":\"Mexa Epic Publicidad\",\"description\":\"Publicidad impresa y digital\",\"publisher\":{\"@id\":\"https:\/\/mexaepic.jlsecurity.mx\/#organization\"},\"potentialAction\":[{\"@type\":\"SearchAction\",\"target\":{\"@type\":\"EntryPoint\",\"urlTemplate\":\"https:\/\/mexaepic.jlsecurity.mx\/?s={search_term_string}\"},\"query-input\":{\"@type\":\"PropertyValueSpecification\",\"valueRequired\":true,\"valueName\":\"search_term_string\"}}],\"inLanguage\":\"es\"},{\"@type\":\"Organization\",\"@id\":\"https:\/\/mexaepic.jlsecurity.mx\/#organization\",\"name\":\"Mexa Epic Publicidad\",\"url\":\"https:\/\/mexaepic.jlsecurity.mx\/\",\"logo\":{\"@type\":\"ImageObject\",\"inLanguage\":\"es\",\"@id\":\"https:\/\/mexaepic.jlsecurity.mx\/#\/schema\/logo\/image\/\",\"url\":\"https:\/\/mexaepic.jlsecurity.mx\/wp-content\/uploads\/2024\/09\/LOGO-mexa-epic-W-soimbra.png\",\"contentUrl\":\"https:\/\/mexaepic.jlsecurity.mx\/wp-content\/uploads\/2024\/09\/LOGO-mexa-epic-W-soimbra.png\",\"width\":1000,\"height\":1000,\"caption\":\"Mexa Epic Publicidad\"},\"image\":{\"@id\":\"https:\/\/mexaepic.jlsecurity.mx\/#\/schema\/logo\/image\/\"}}]}<\/script>\n<!-- \/ Yoast SEO plugin. -->","yoast_head_json":{"title":"Folders -","robots":{"index":"index","follow":"follow","max-snippet":"max-snippet:-1","max-image-preview":"max-image-preview:large","max-video-preview":"max-video-preview:-1"},"canonical":"https:\/\/mexaepic.jlsecurity.mx\/index.php\/folders\/","og_locale":"es_MX","og_type":"article","og_title":"Folders -","og_description":"FoldersCOMPRARFolders PersonalizadosMILLARTama\u00f1o Carta Barn\u00edz UV Brillante $10,810Tama\u00f1o Carta Laminado Mate $12,160","og_url":"https:\/\/mexaepic.jlsecurity.mx\/index.php\/folders\/","article_modified_time":"2024-11-11T18:12:15+00:00","twitter_card":"summary_large_image","schema":{"@context":"https:\/\/schema.org","@graph":[{"@type":"WebPage","@id":"https:\/\/mexaepic.jlsecurity.mx\/index.php\/folders\/","url":"https:\/\/mexaepic.jlsecurity.mx\/index.php\/folders\/","name":"Folders -","isPartOf":{"@id":"https:\/\/mexaepic.jlsecurity.mx\/#website"},"datePublished":"2024-11-11T17:46:25+00:00","dateModified":"2024-11-11T18:12:15+00:00","breadcrumb":{"@id":"https:\/\/mexaepic.jlsecurity.mx\/index.php\/folders\/#breadcrumb"},"inLanguage":"es","potentialAction":[{"@type":"ReadAction","target":["https:\/\/mexaepic.jlsecurity.mx\/index.php\/folders\/"]}]},{"@type":"BreadcrumbList","@id":"https:\/\/mexaepic.jlsecurity.mx\/index.php\/folders\/#breadcrumb","itemListElement":[{"@type":"ListItem","position":1,"name":"Inicio","item":"https:\/\/mexaepic.jlsecurity.mx\/"},{"@type":"ListItem","position":2,"name":"Folders"}]},{"@type":"WebSite","@id":"https:\/\/mexaepic.jlsecurity.mx\/#website","url":"https:\/\/mexaepic.jlsecurity.mx\/","name":"Mexa Epic Publicidad","description":"Publicidad impresa y digital","publisher":{"@id":"https:\/\/mexaepic.jlsecurity.mx\/#organization"},"potentialAction":[{"@type":"SearchAction","target":{"@type":"EntryPoint","urlTemplate":"https:\/\/mexaepic.jlsecurity.mx\/?s={search_term_string}"},"query-input":{"@type":"PropertyValueSpecification","valueRequired":true,"valueName":"search_term_string"}}],"inLanguage":"es"},{"@type":"Organization","@id":"https:\/\/mexaepic.jlsecurity.mx\/#organization","name":"Mexa Epic Publicidad","url":"https:\/\/mexaepic.jlsecurity.mx\/","logo":{"@type":"ImageObject","inLanguage":"es","@id":"https:\/\/mexaepic.jlsecurity.mx\/#\/schema\/logo\/image\/","url":"https:\/\/mexaepic.jlsecurity.mx\/wp-content\/uploads\/2024\/09\/LOGO-mexa-epic-W-soimbra.png","contentUrl":"https:\/\/mexaepic.jlsecurity.mx\/wp-content\/uploads\/2024\/09\/LOGO-mexa-epic-W-soimbra.png","width":1000,"height":1000,"caption":"Mexa Epic Publicidad"},"image":{"@id":"https:\/\/mexaepic.jlsecurity.mx\/#\/schema\/logo\/image\/"}}]}},"jetpack_sharing_enabled":true,"_links":{"self":[{"href":"https:\/\/mexaepic.jlsecurity.mx\/index.php\/wp-json\/wp\/v2\/pages\/1274","targetHints":{"allow":["GET"]}}],"collection":[{"href":"https:\/\/mexaepic.jlsecurity.mx\/index.php\/wp-json\/wp\/v2\/pages"}],"about":[{"href":"https:\/\/mexaepic.jlsecurity.mx\/index.php\/wp-json\/wp\/v2\/types\/page"}],"author":[{"embeddable":true,"href":"https:\/\/mexaepic.jlsecurity.mx\/index.php\/wp-json\/wp\/v2\/users\/2"}],"replies":[{"embeddable":true,"href":"https:\/\/mexaepic.jlsecurity.mx\/index.php\/wp-json\/wp\/v2\/comments?post=1274"}],"version-history":[{"count":7,"href":"https:\/\/mexaepic.jlsecurity.mx\/index.php\/wp-json\/wp\/v2\/pages\/1274\/revisions"}],"predecessor-version":[{"id":1284,"href":"https:\/\/mexaepic.jlsecurity.mx\/index.php\/wp-json\/wp\/v2\/pages\/1274\/revisions\/1284"}],"wp:attachment":[{"href":"https:\/\/mexaepic.jlsecurity.mx\/index.php\/wp-json\/wp\/v2\/media?parent=1274"}],"curies":[{"name":"wp","href":"https:\/\/api.w.org\/{rel}","templated":true}]}}