{"id":1257,"date":"2024-11-08T19:09:23","date_gmt":"2024-11-09T01:09:23","guid":{"rendered":"https:\/\/mexaepic.jlsecurity.mx\/?page_id=1257"},"modified":"2024-11-08T20:03:53","modified_gmt":"2024-11-09T02:03:53","slug":"postales","status":"publish","type":"page","link":"https:\/\/mexaepic.jlsecurity.mx\/index.php\/postales\/","title":{"rendered":"Postales"},"content":{"rendered":"<div class=\"vce-row-container\" data-vce-boxed-width=\"true\"><div class=\"vce-row vce-row--col-gap-30 vce-row-equal-height vce-row-content--top\" id=\"el-dda8e005\" data-vce-do-apply=\"all el-dda8e005\"><div class=\"vce-row-content\" data-vce-element-content=\"true\"><div class=\"vce-col vce-col--md-auto vce-col--xs-1 vce-col--xs-last vce-col--xs-first vce-col--sm-last vce-col--sm-first vce-col--md-last vce-col--lg-last vce-col--xl-last vce-col--md-first vce-col--lg-first vce-col--xl-first\" id=\"el-688d6d10\"><div class=\"vce-col-inner\" data-vce-do-apply=\"border margin background  el-688d6d10\"><div class=\"vce-col-content\" data-vce-element-content=\"true\" data-vce-do-apply=\"padding el-688d6d10\"><div class=\"vce-text-block\"><div class=\"vce-text-block-wrapper vce\" id=\"el-cd0a7bd7\" data-vce-do-apply=\"all el-cd0a7bd7\"><h2 style=\"font-weight: 400; line-height: 1.2; font-size: clamp(2.625rem, -1.41348rem + 8.4135vw, 3.25rem); text-align: center;\"><strong>Postales<\/strong><\/h2><\/div><\/div><\/div><\/div><\/div><\/div><\/div><\/div><div class=\"vce-row-container\" data-vce-boxed-width=\"true\"><div class=\"vce-row vce-row--col-gap-30 vce-row-equal-height vce-row-content--top\" id=\"el-11244142\" data-vce-do-apply=\"all el-11244142\"><div class=\"vce-row-content\" data-vce-element-content=\"true\"><div class=\"vce-col vce-col--md-auto vce-col--xs-1 vce-col--xs-last vce-col--xs-first vce-col--sm-last vce-col--sm-first vce-col--md-first vce-col--lg-first vce-col--xl-first\" id=\"el-18a15ee5\"><div class=\"vce-col-inner\" data-vce-do-apply=\"border margin background  el-18a15ee5\"><div class=\"vce-col-content\" data-vce-element-content=\"true\" data-vce-do-apply=\"padding el-18a15ee5\"><div class=\"vce-single-image-container vce-single-image--align-left\"><div class=\"vce vce-single-image-wrapper\" id=\"el-b5bd1b80\" data-vce-do-apply=\"all el-b5bd1b80\"><figure><div class=\"vce-single-image-figure-inner\" style=\"width: 1000px;\"><div class=\"vce-single-image-inner vce-single-image--absolute\" style=\"width: 100%; padding-bottom: 100%;\"><img fetchpriority=\"high\" decoding=\"async\" class=\"vce-single-image\"  width=\"1000\" height=\"1000\" srcset=\"https:\/\/mexaepic.jlsecurity.mx\/wp-content\/uploads\/2024\/11\/Postal-4x1-1-320x320.jpg 320w, https:\/\/mexaepic.jlsecurity.mx\/wp-content\/uploads\/2024\/11\/Postal-4x1-1-480x480.jpg 480w, https:\/\/mexaepic.jlsecurity.mx\/wp-content\/uploads\/2024\/11\/Postal-4x1-1-800x800.jpg 800w, https:\/\/mexaepic.jlsecurity.mx\/wp-content\/uploads\/2024\/11\/Postal-4x1-1-1000x1000.jpg 1000w\" src=\"https:\/\/mexaepic.jlsecurity.mx\/wp-content\/uploads\/2024\/11\/Postal-4x1-1-1000x1000.jpg\" data-img-src=\"https:\/\/mexaepic.jlsecurity.mx\/wp-content\/uploads\/2024\/11\/Postal-4x1-1.jpg\" data-attachment-id=\"1261\"  alt=\"Postal 4x1\" title=\"Postal 4x1\" \/><\/div><\/div><figcaption hidden=\"\"><\/figcaption><\/figure><\/div><\/div><div class=\"vce-button--style-outline-container vce-button--style-outline-container--align-center\"><span class=\"vce-button--style-outline-wrapper vce\" id=\"el-b07ed5c0\" data-vce-do-apply=\"margin el-b07ed5c0\"><a class=\"vce-button vce-button--style-outline-animated vce-button--style-outline--border-round vce-button--style-outline--size-medium vce-button--style-outline-animated--color-b-255-255-255--fff--3d3d3d vce-button--style-outline-animated--border-color-b-249-108-49--3d3d3d vce-button--style-outline-animated--background-color-b-0-0-0\" href=\"http:\/\/wa.me\/525577197252?text=Hola, quiero comprar estas Postales 4x1 por medio de la P\u00e1gina Web.\" title=\"\" target=\"_blank\" rel=\"nofollow noopener\" data-vce-do-apply=\"padding border background  el-b07ed5c0\"><span class=\"vce-button--style-outline-text\">COMPRAR<\/span><\/a><\/span><\/div><\/div><\/div><\/div><div class=\"vce-col vce-col--md-auto vce-col--xs-1 vce-col--xs-last vce-col--xs-first vce-col--sm-last vce-col--sm-first vce-col--md-last vce-col--lg-last vce-col--xl-last\" id=\"el-b984f114\"><div class=\"vce-col-inner\" data-vce-do-apply=\"border margin background  el-b984f114\"><div class=\"vce-col-content\" data-vce-element-content=\"true\" data-vce-do-apply=\"padding el-b984f114\"><div class=\"vce-text-block\"><div class=\"vce-text-block-wrapper vce\" id=\"el-546ce524\" data-vce-do-apply=\"all el-546ce524\"><h2 style=\"font-size: clamp(2.625rem, -1.41348rem + 8.4135vw, 3.25rem);\"><strong>Postales Couche 300g<\/strong><\/h2><\/div><\/div><div class=\"vce-text-block\"><div class=\"vce-text-block-wrapper vce\" id=\"el-d942a2aa\" data-vce-do-apply=\"all el-d942a2aa\"><p><span style=\"font-size: 18px; font-weight: bold;\">Frente: Color<\/span><br style=\"font-size: 18px; font-weight: bold;\"><span style=\"font-size: 18px; font-weight: bold;\">Atr\u00e1s: Escala de Grises<br><br><\/span><\/p>\n<p>BARN\u00cdZ BRILLANTE - MILLAR<\/p>\n<p>Postal Chica (9\u00d715 cm) $654<br>Postal Grande (10\u00d718 cm) $810<\/p><\/div><\/div><\/div><\/div><\/div><\/div><\/div><\/div><div class=\"vce-row-container\" data-vce-boxed-width=\"true\"><div class=\"vce-row vce-row--col-gap-30 vce-row-equal-height vce-row-content--top\" id=\"el-07c9ad6f\" data-vce-do-apply=\"all el-07c9ad6f\"><div class=\"vce-row-content\" data-vce-element-content=\"true\"><div class=\"vce-col vce-col--md-auto vce-col--xs-1 vce-col--xs-last vce-col--xs-first vce-col--sm-last vce-col--sm-first vce-col--md-first vce-col--lg-first vce-col--xl-first\" id=\"el-1517efaa\"><div class=\"vce-col-inner\" data-vce-do-apply=\"border margin background  el-1517efaa\"><div class=\"vce-col-content\" data-vce-element-content=\"true\" data-vce-do-apply=\"padding el-1517efaa\"><div class=\"vce-single-image-container vce-single-image--align-left\"><div class=\"vce vce-single-image-wrapper\" id=\"el-01c45597\" data-vce-do-apply=\"all el-01c45597\"><figure><div class=\"vce-single-image-figure-inner\" style=\"width: 590px;\"><div class=\"vce-single-image-inner vce-single-image--absolute\" style=\"width: 100%; padding-bottom: 100%;\"><img decoding=\"async\" class=\"vce-single-image\"  width=\"590\" height=\"590\" srcset=\"https:\/\/mexaepic.jlsecurity.mx\/wp-content\/uploads\/2024\/11\/Postales-4x4-1-320x320.png 320w, https:\/\/mexaepic.jlsecurity.mx\/wp-content\/uploads\/2024\/11\/Postales-4x4-1-480x480.png 480w, https:\/\/mexaepic.jlsecurity.mx\/wp-content\/uploads\/2024\/11\/Postales-4x4-1-590x590.png 590w\" src=\"https:\/\/mexaepic.jlsecurity.mx\/wp-content\/uploads\/2024\/11\/Postales-4x4-1-590x590.png\" data-img-src=\"https:\/\/mexaepic.jlsecurity.mx\/wp-content\/uploads\/2024\/11\/Postales-4x4-1.png\" data-attachment-id=\"1269\"  alt=\"Postales 4x4\" title=\"Postales 4x4\" \/><\/div><\/div><figcaption hidden=\"\"><\/figcaption><\/figure><\/div><\/div><div class=\"vce-button--style-outline-container vce-button--style-outline-container--align-center\"><span class=\"vce-button--style-outline-wrapper vce\" id=\"el-5bb21ac5\" data-vce-do-apply=\"margin el-5bb21ac5\"><a class=\"vce-button vce-button--style-outline-animated vce-button--style-outline--border-round vce-button--style-outline--size-medium vce-button--style-outline-animated--color-b-255-255-255--fff--3d3d3d vce-button--style-outline-animated--border-color-b-249-108-49--3d3d3d vce-button--style-outline-animated--background-color-b-0-0-0\" href=\"http:\/\/wa.me\/525577197252?text=Hola, quiero comprar estas Postales 4x4 por medio de la P\u00e1gina Web.\" title=\"\" target=\"_blank\" rel=\"nofollow noopener\" data-vce-do-apply=\"padding border background  el-5bb21ac5\"><span class=\"vce-button--style-outline-text\">COMPRAR<\/span><\/a><\/span><\/div><\/div><\/div><\/div><div class=\"vce-col vce-col--md-auto vce-col--xs-1 vce-col--xs-last vce-col--xs-first vce-col--sm-last vce-col--sm-first vce-col--md-last vce-col--lg-last vce-col--xl-last\" id=\"el-a5c7cb01\"><div class=\"vce-col-inner\" data-vce-do-apply=\"border margin background  el-a5c7cb01\"><div class=\"vce-col-content\" data-vce-element-content=\"true\" data-vce-do-apply=\"padding el-a5c7cb01\"><div class=\"vce-text-block\"><div class=\"vce-text-block-wrapper vce\" id=\"el-55f10e28\" data-vce-do-apply=\"all el-55f10e28\"><p style=\"font-size: 18px; font-weight: bold;\">Frente: Color<br>Atr\u00e1s: Color<br><br><\/p>\n<p style=\"font-size: 18px; font-weight: bold;\">LAMINADA MATE - MILLAR<\/p>\n<p style=\"font-size: 18px; font-weight: bold;\">Postal Chica (9\u00d715 cm) $940<br>Postal Grande&nbsp;<span style=\"color: var(--wp--preset--color--contrast); font-size: var(--wp--preset--font-size--medium); font-family: var(--wp--preset--font-family--system-font);\">(10\u00d718 cm) $1,180<\/span><\/p><\/div><\/div><\/div><\/div><\/div><\/div><\/div><\/div>\n","protected":false},"excerpt":{"rendered":"<p>PostalesCOMPRARPostales Couche 300gFrente: ColorAtr\u00e1s: Escala de Grises BARN\u00cdZ BRILLANTE &#8211; MILLAR Postal Chica (9\u00d715 cm) $654Postal Grande (10\u00d718 cm) $810COMPRARFrente: ColorAtr\u00e1s: Color LAMINADA MATE &#8211; MILLAR Postal Chica (9\u00d715 cm) $940Postal Grande&nbsp;(10\u00d718 cm) $1,180<\/p>\n","protected":false},"author":2,"featured_media":0,"parent":0,"menu_order":0,"comment_status":"closed","ping_status":"closed","template":"","meta":{"footnotes":""},"class_list":["post-1257","page","type-page","status-publish","hentry"],"yoast_head":"<!-- This site is optimized with the Yoast SEO plugin v24.4 - https:\/\/yoast.com\/wordpress\/plugins\/seo\/ -->\n<title>Postales -<\/title>\n<meta name=\"robots\" content=\"index, follow, max-snippet:-1, max-image-preview:large, max-video-preview:-1\" \/>\n<link rel=\"canonical\" href=\"https:\/\/mexaepic.jlsecurity.mx\/index.php\/postales\/\" \/>\n<meta property=\"og:locale\" content=\"es_MX\" \/>\n<meta property=\"og:type\" content=\"article\" \/>\n<meta property=\"og:title\" content=\"Postales -\" \/>\n<meta property=\"og:description\" content=\"PostalesCOMPRARPostales Couche 300gFrente: ColorAtr\u00e1s: Escala de Grises BARN\u00cdZ BRILLANTE - MILLAR Postal Chica (9\u00d715 cm) $654Postal Grande (10\u00d718 cm) $810COMPRARFrente: ColorAtr\u00e1s: Color LAMINADA MATE - MILLAR Postal Chica (9\u00d715 cm) $940Postal Grande&nbsp;(10\u00d718 cm) $1,180\" \/>\n<meta property=\"og:url\" content=\"https:\/\/mexaepic.jlsecurity.mx\/index.php\/postales\/\" \/>\n<meta property=\"article:modified_time\" content=\"2024-11-09T02:03:53+00:00\" \/>\n<meta name=\"twitter:card\" content=\"summary_large_image\" \/>\n<script type=\"application\/ld+json\" class=\"yoast-schema-graph\">{\"@context\":\"https:\/\/schema.org\",\"@graph\":[{\"@type\":\"WebPage\",\"@id\":\"https:\/\/mexaepic.jlsecurity.mx\/index.php\/postales\/\",\"url\":\"https:\/\/mexaepic.jlsecurity.mx\/index.php\/postales\/\",\"name\":\"Postales -\",\"isPartOf\":{\"@id\":\"https:\/\/mexaepic.jlsecurity.mx\/#website\"},\"datePublished\":\"2024-11-09T01:09:23+00:00\",\"dateModified\":\"2024-11-09T02:03:53+00:00\",\"breadcrumb\":{\"@id\":\"https:\/\/mexaepic.jlsecurity.mx\/index.php\/postales\/#breadcrumb\"},\"inLanguage\":\"es\",\"potentialAction\":[{\"@type\":\"ReadAction\",\"target\":[\"https:\/\/mexaepic.jlsecurity.mx\/index.php\/postales\/\"]}]},{\"@type\":\"BreadcrumbList\",\"@id\":\"https:\/\/mexaepic.jlsecurity.mx\/index.php\/postales\/#breadcrumb\",\"itemListElement\":[{\"@type\":\"ListItem\",\"position\":1,\"name\":\"Inicio\",\"item\":\"https:\/\/mexaepic.jlsecurity.mx\/\"},{\"@type\":\"ListItem\",\"position\":2,\"name\":\"Postales\"}]},{\"@type\":\"WebSite\",\"@id\":\"https:\/\/mexaepic.jlsecurity.mx\/#website\",\"url\":\"https:\/\/mexaepic.jlsecurity.mx\/\",\"name\":\"Mexa Epic Publicidad\",\"description\":\"Publicidad impresa y digital\",\"publisher\":{\"@id\":\"https:\/\/mexaepic.jlsecurity.mx\/#organization\"},\"potentialAction\":[{\"@type\":\"SearchAction\",\"target\":{\"@type\":\"EntryPoint\",\"urlTemplate\":\"https:\/\/mexaepic.jlsecurity.mx\/?s={search_term_string}\"},\"query-input\":{\"@type\":\"PropertyValueSpecification\",\"valueRequired\":true,\"valueName\":\"search_term_string\"}}],\"inLanguage\":\"es\"},{\"@type\":\"Organization\",\"@id\":\"https:\/\/mexaepic.jlsecurity.mx\/#organization\",\"name\":\"Mexa Epic Publicidad\",\"url\":\"https:\/\/mexaepic.jlsecurity.mx\/\",\"logo\":{\"@type\":\"ImageObject\",\"inLanguage\":\"es\",\"@id\":\"https:\/\/mexaepic.jlsecurity.mx\/#\/schema\/logo\/image\/\",\"url\":\"https:\/\/mexaepic.jlsecurity.mx\/wp-content\/uploads\/2024\/09\/LOGO-mexa-epic-W-soimbra.png\",\"contentUrl\":\"https:\/\/mexaepic.jlsecurity.mx\/wp-content\/uploads\/2024\/09\/LOGO-mexa-epic-W-soimbra.png\",\"width\":1000,\"height\":1000,\"caption\":\"Mexa Epic Publicidad\"},\"image\":{\"@id\":\"https:\/\/mexaepic.jlsecurity.mx\/#\/schema\/logo\/image\/\"}}]}<\/script>\n<!-- \/ Yoast SEO plugin. -->","yoast_head_json":{"title":"Postales -","robots":{"index":"index","follow":"follow","max-snippet":"max-snippet:-1","max-image-preview":"max-image-preview:large","max-video-preview":"max-video-preview:-1"},"canonical":"https:\/\/mexaepic.jlsecurity.mx\/index.php\/postales\/","og_locale":"es_MX","og_type":"article","og_title":"Postales -","og_description":"PostalesCOMPRARPostales Couche 300gFrente: ColorAtr\u00e1s: Escala de Grises BARN\u00cdZ BRILLANTE - MILLAR Postal Chica (9\u00d715 cm) $654Postal Grande (10\u00d718 cm) $810COMPRARFrente: ColorAtr\u00e1s: Color LAMINADA MATE - MILLAR Postal Chica (9\u00d715 cm) $940Postal Grande&nbsp;(10\u00d718 cm) $1,180","og_url":"https:\/\/mexaepic.jlsecurity.mx\/index.php\/postales\/","article_modified_time":"2024-11-09T02:03:53+00:00","twitter_card":"summary_large_image","schema":{"@context":"https:\/\/schema.org","@graph":[{"@type":"WebPage","@id":"https:\/\/mexaepic.jlsecurity.mx\/index.php\/postales\/","url":"https:\/\/mexaepic.jlsecurity.mx\/index.php\/postales\/","name":"Postales -","isPartOf":{"@id":"https:\/\/mexaepic.jlsecurity.mx\/#website"},"datePublished":"2024-11-09T01:09:23+00:00","dateModified":"2024-11-09T02:03:53+00:00","breadcrumb":{"@id":"https:\/\/mexaepic.jlsecurity.mx\/index.php\/postales\/#breadcrumb"},"inLanguage":"es","potentialAction":[{"@type":"ReadAction","target":["https:\/\/mexaepic.jlsecurity.mx\/index.php\/postales\/"]}]},{"@type":"BreadcrumbList","@id":"https:\/\/mexaepic.jlsecurity.mx\/index.php\/postales\/#breadcrumb","itemListElement":[{"@type":"ListItem","position":1,"name":"Inicio","item":"https:\/\/mexaepic.jlsecurity.mx\/"},{"@type":"ListItem","position":2,"name":"Postales"}]},{"@type":"WebSite","@id":"https:\/\/mexaepic.jlsecurity.mx\/#website","url":"https:\/\/mexaepic.jlsecurity.mx\/","name":"Mexa Epic Publicidad","description":"Publicidad impresa y digital","publisher":{"@id":"https:\/\/mexaepic.jlsecurity.mx\/#organization"},"potentialAction":[{"@type":"SearchAction","target":{"@type":"EntryPoint","urlTemplate":"https:\/\/mexaepic.jlsecurity.mx\/?s={search_term_string}"},"query-input":{"@type":"PropertyValueSpecification","valueRequired":true,"valueName":"search_term_string"}}],"inLanguage":"es"},{"@type":"Organization","@id":"https:\/\/mexaepic.jlsecurity.mx\/#organization","name":"Mexa Epic Publicidad","url":"https:\/\/mexaepic.jlsecurity.mx\/","logo":{"@type":"ImageObject","inLanguage":"es","@id":"https:\/\/mexaepic.jlsecurity.mx\/#\/schema\/logo\/image\/","url":"https:\/\/mexaepic.jlsecurity.mx\/wp-content\/uploads\/2024\/09\/LOGO-mexa-epic-W-soimbra.png","contentUrl":"https:\/\/mexaepic.jlsecurity.mx\/wp-content\/uploads\/2024\/09\/LOGO-mexa-epic-W-soimbra.png","width":1000,"height":1000,"caption":"Mexa Epic Publicidad"},"image":{"@id":"https:\/\/mexaepic.jlsecurity.mx\/#\/schema\/logo\/image\/"}}]}},"jetpack_sharing_enabled":true,"_links":{"self":[{"href":"https:\/\/mexaepic.jlsecurity.mx\/index.php\/wp-json\/wp\/v2\/pages\/1257","targetHints":{"allow":["GET"]}}],"collection":[{"href":"https:\/\/mexaepic.jlsecurity.mx\/index.php\/wp-json\/wp\/v2\/pages"}],"about":[{"href":"https:\/\/mexaepic.jlsecurity.mx\/index.php\/wp-json\/wp\/v2\/types\/page"}],"author":[{"embeddable":true,"href":"https:\/\/mexaepic.jlsecurity.mx\/index.php\/wp-json\/wp\/v2\/users\/2"}],"replies":[{"embeddable":true,"href":"https:\/\/mexaepic.jlsecurity.mx\/index.php\/wp-json\/wp\/v2\/comments?post=1257"}],"version-history":[{"count":13,"href":"https:\/\/mexaepic.jlsecurity.mx\/index.php\/wp-json\/wp\/v2\/pages\/1257\/revisions"}],"predecessor-version":[{"id":1273,"href":"https:\/\/mexaepic.jlsecurity.mx\/index.php\/wp-json\/wp\/v2\/pages\/1257\/revisions\/1273"}],"wp:attachment":[{"href":"https:\/\/mexaepic.jlsecurity.mx\/index.php\/wp-json\/wp\/v2\/media?parent=1257"}],"curies":[{"name":"wp","href":"https:\/\/api.w.org\/{rel}","templated":true}]}}