{"id":1217,"date":"2024-11-07T17:33:44","date_gmt":"2024-11-07T23:33:44","guid":{"rendered":"https:\/\/mexaepic.jlsecurity.mx\/?page_id=1217"},"modified":"2024-11-08T19:05:55","modified_gmt":"2024-11-09T01:05:55","slug":"tripticos","status":"publish","type":"page","link":"https:\/\/mexaepic.jlsecurity.mx\/index.php\/tripticos\/","title":{"rendered":"Tr\u00edpticos"},"content":{"rendered":"<div class=\"vce-row-container\" data-vce-boxed-width=\"true\"><div class=\"vce-row vce-row--col-gap-30 vce-row-equal-height vce-row-content--top\" id=\"el-4525261e\" data-vce-do-apply=\"all el-4525261e\"><div class=\"vce-row-content\" data-vce-element-content=\"true\"><div class=\"vce-col vce-col--md-auto vce-col--xs-1 vce-col--xs-last vce-col--xs-first vce-col--sm-last vce-col--sm-first vce-col--md-last vce-col--lg-last vce-col--xl-last vce-col--md-first vce-col--lg-first vce-col--xl-first\" id=\"el-6fe631a6\"><div class=\"vce-col-inner\" data-vce-do-apply=\"border margin background  el-6fe631a6\"><div class=\"vce-col-content\" data-vce-element-content=\"true\" data-vce-do-apply=\"padding el-6fe631a6\"><div class=\"vce-text-block\"><div class=\"vce-text-block-wrapper vce\" id=\"el-ae11e291\" data-vce-do-apply=\"all el-ae11e291\"><h2 style=\"font-weight: 400; line-height: 1.2; font-size: clamp(2.625rem, -1.41348rem + 8.4135vw, 3.25rem); text-align: center;\"><strong>Tr\u00edpticos y D\u00edpticos<\/strong><\/h2>\n<div class=\"vce-row-container\" style=\"max-width: 720px; margin-block: 0px; width: 720px; font-size: 18px; font-weight: bold; margin-left: auto !important; margin-right: auto !important;\" data-vce-boxed-width=\"true\">\n<div id=\"el-478b6eb6\" class=\"vce-row vce-row--col-gap-30 vce-row-equal-height vce-row-content--top\" data-vce-do-apply=\"all el-478b6eb6\">\n<div class=\"vce-row-content\" data-vce-element-content=\"true\">\n<div id=\"el-04650887\" class=\"vce-col vce-col--md-auto vce-col--xs-1 vce-col--xs-last vce-col--xs-first vce-col--sm-last vce-col--sm-first vce-col--md-first vce-col--lg-first vce-col--xl-first\" style=\"max-width: none;\">\n<div class=\"vce-col-inner\" style=\"width: 345px;\" data-vce-do-apply=\"border margin background  el-04650887\">\n<div class=\"vce-col-content\" data-vce-element-content=\"true\" data-vce-do-apply=\"padding el-04650887\">\n<div class=\"vce-single-image-container vce-single-image--align-left\">&nbsp;<\/div>\n<\/div>\n<\/div>\n<\/div>\n<\/div>\n<\/div>\n<\/div><\/div><\/div><\/div><\/div><\/div><\/div><\/div><\/div><div class=\"vce-row-container\" data-vce-boxed-width=\"true\"><div class=\"vce-row vce-row--col-gap-30 vce-row-equal-height vce-row-content--top\" id=\"el-d2854967\" data-vce-do-apply=\"all el-d2854967\"><div class=\"vce-row-content\" data-vce-element-content=\"true\"><div class=\"vce-col vce-col--md-50p vce-col--xs-1 vce-col--xs-last vce-col--xs-first vce-col--sm-last vce-col--sm-first vce-col--md-first vce-col--lg-first vce-col--xl-first\" id=\"el-58bf11e1\"><div class=\"vce-col-inner\" data-vce-do-apply=\"border margin background  el-58bf11e1\"><div class=\"vce-col-content\" data-vce-element-content=\"true\" data-vce-do-apply=\"padding el-58bf11e1\"><div class=\"vce-single-image-container vce-single-image--align-left\"><div class=\"vce vce-single-image-wrapper\" id=\"el-ebdde484\" data-vce-do-apply=\"all el-ebdde484\"><figure><div class=\"vce-single-image-figure-inner\" style=\"width: 900px;\"><div class=\"vce-single-image-inner vce-single-image--absolute\" style=\"width: 100%; padding-bottom: 100%;\"><img fetchpriority=\"high\" decoding=\"async\" class=\"vce-single-image\"  width=\"900\" height=\"900\" srcset=\"https:\/\/mexaepic.jlsecurity.mx\/wp-content\/uploads\/2024\/11\/Tripcitos-4x1-1-320x320.png 320w, https:\/\/mexaepic.jlsecurity.mx\/wp-content\/uploads\/2024\/11\/Tripcitos-4x1-1-480x480.png 480w, https:\/\/mexaepic.jlsecurity.mx\/wp-content\/uploads\/2024\/11\/Tripcitos-4x1-1-800x800.png 800w, https:\/\/mexaepic.jlsecurity.mx\/wp-content\/uploads\/2024\/11\/Tripcitos-4x1-1-900x900.png 900w\" src=\"https:\/\/mexaepic.jlsecurity.mx\/wp-content\/uploads\/2024\/11\/Tripcitos-4x1-1-900x900.png\" data-img-src=\"https:\/\/mexaepic.jlsecurity.mx\/wp-content\/uploads\/2024\/11\/Tripcitos-4x1-1.png\" data-attachment-id=\"1221\"  alt=\"Tripticos 4x1\" title=\"Tripcitos 4x1\" \/><\/div><\/div><figcaption hidden=\"\"><\/figcaption><\/figure><\/div><\/div><div class=\"vce-button--style-outline-container vce-button--style-outline-container--align-center\"><span class=\"vce-button--style-outline-wrapper vce\" id=\"el-bcf025de\" data-vce-do-apply=\"margin el-bcf025de\"><a class=\"vce-button vce-button--style-outline-animated vce-button--style-outline--border-round vce-button--style-outline--size-medium vce-button--style-outline-animated--color-b-255-255-255--fff--3d3d3d vce-button--style-outline-animated--border-color-b-249-108-49--3d3d3d vce-button--style-outline-animated--background-color-b-2-2-2\" href=\"http:\/\/wa.me\/525577197252?text=Hola, quiero comprar Tripticos-Dipticos 4x1 por medio de la P\u00e1gina Web.\" title=\"\" target=\"_blank\" rel=\"nofollow noopener\" data-vce-do-apply=\"padding border background  el-bcf025de\"><span class=\"vce-button--style-outline-text\">COMPRAR<\/span><\/a><\/span><\/div><\/div><\/div><\/div><div class=\"vce-col vce-col--md-50p vce-col--xs-1 vce-col--xs-last vce-col--xs-first vce-col--sm-last vce-col--sm-first vce-col--md-last vce-col--lg-last vce-col--xl-last\" id=\"el-0a129c1e\"><div class=\"vce-col-inner\" data-vce-do-apply=\"border margin background  el-0a129c1e\"><div class=\"vce-col-content\" data-vce-element-content=\"true\" data-vce-do-apply=\"padding el-0a129c1e\"><div class=\"vce-text-block\"><div class=\"vce-text-block-wrapper vce\" id=\"el-897bd45b\" data-vce-do-apply=\"all el-897bd45b\"><h2><strong>Tr\u00edpticos y D\u00edpticos<\/strong><\/h2><\/div><\/div><div class=\"vce-text-block\"><div class=\"vce-text-block-wrapper vce\" id=\"el-08ba8426\" data-vce-do-apply=\"all el-08ba8426\"><p><span style=\"font-size: 18px; font-weight: bold;\">Frente: Color<\/span><br style=\"font-size: 18px; font-weight: bold;\"><span style=\"font-size: 18px; font-weight: bold;\">Atr\u00e1s: Escala de Grises<br><\/span><\/p>\n<p>TAMA\u00d1O CARTA - MILLAR<\/p>\n<p>D\u00edpticos (c\/g) $1,276<br>Tr\u00edpticos (c\/g) $1,350<\/p><\/div><\/div><\/div><\/div><\/div><\/div><\/div><\/div><div class=\"vce-row-container\" data-vce-boxed-width=\"true\"><div class=\"vce-row vce-row--col-gap-30 vce-row-equal-height vce-row-content--top\" id=\"el-e6b49d8f\" data-vce-do-apply=\"all el-e6b49d8f\"><div class=\"vce-row-content\" data-vce-element-content=\"true\"><div class=\"vce-col vce-col--md-auto vce-col--xs-1 vce-col--xs-last vce-col--xs-first vce-col--sm-last vce-col--sm-first vce-col--md-first vce-col--lg-first vce-col--xl-first\" id=\"el-8dc84f74\"><div class=\"vce-col-inner\" data-vce-do-apply=\"border margin background  el-8dc84f74\"><div class=\"vce-col-content\" data-vce-element-content=\"true\" data-vce-do-apply=\"padding el-8dc84f74\"><div class=\"vce-single-image-container vce-single-image--align-left\"><div class=\"vce vce-single-image-wrapper\" id=\"el-c48bf329\" data-vce-do-apply=\"all el-c48bf329\"><figure><div class=\"vce-single-image-figure-inner\" style=\"width: 900px;\"><div class=\"vce-single-image-inner vce-single-image--absolute\" style=\"width: 100%; padding-bottom: 100%;\"><img decoding=\"async\" class=\"vce-single-image\"  width=\"900\" height=\"900\" srcset=\"https:\/\/mexaepic.jlsecurity.mx\/wp-content\/uploads\/2024\/11\/Tripcitos-4x4-1-320x320.png 320w, https:\/\/mexaepic.jlsecurity.mx\/wp-content\/uploads\/2024\/11\/Tripcitos-4x4-1-480x480.png 480w, https:\/\/mexaepic.jlsecurity.mx\/wp-content\/uploads\/2024\/11\/Tripcitos-4x4-1-800x800.png 800w, https:\/\/mexaepic.jlsecurity.mx\/wp-content\/uploads\/2024\/11\/Tripcitos-4x4-1-900x900.png 900w\" src=\"https:\/\/mexaepic.jlsecurity.mx\/wp-content\/uploads\/2024\/11\/Tripcitos-4x4-1-900x900.png\" data-img-src=\"https:\/\/mexaepic.jlsecurity.mx\/wp-content\/uploads\/2024\/11\/Tripcitos-4x4-1.png\" data-attachment-id=\"1226\"  alt=\"\" title=\"Tripcitos 4x4\" \/><\/div><\/div><figcaption hidden=\"\"><\/figcaption><\/figure><\/div><\/div><div class=\"vce-button--style-outline-container vce-button--style-outline-container--align-center\"><span class=\"vce-button--style-outline-wrapper vce\" id=\"el-f6157b41\" data-vce-do-apply=\"margin el-f6157b41\"><a class=\"vce-button vce-button--style-outline-animated vce-button--style-outline--border-round vce-button--style-outline--size-medium vce-button--style-outline-animated--color-b-255-255-255--fff--3d3d3d vce-button--style-outline-animated--border-color-b-249-108-49--3d3d3d vce-button--style-outline-animated--background-color-b-0-0-0\" href=\"http:\/\/wa.me\/525577197252?text=Hola, quiero comprar Tripticos-Dipticos 4x4 por medio de la P\u00e1gina Web.\" title=\"\" data-vce-do-apply=\"padding border background  el-f6157b41\"><span class=\"vce-button--style-outline-text\">COMPRAR<\/span><\/a><\/span><\/div><\/div><\/div><\/div><div class=\"vce-col vce-col--md-auto vce-col--xs-1 vce-col--xs-last vce-col--xs-first vce-col--sm-last vce-col--sm-first vce-col--md-last vce-col--lg-last vce-col--xl-last\" id=\"el-da416cd4\"><div class=\"vce-col-inner\" data-vce-do-apply=\"border margin background  el-da416cd4\"><div class=\"vce-col-content\" data-vce-element-content=\"true\" data-vce-do-apply=\"padding el-da416cd4\"><div class=\"vce-text-block\"><div class=\"vce-text-block-wrapper vce\" id=\"el-56fec659\" data-vce-do-apply=\"all el-56fec659\"><p style=\"font-size: 18px; font-weight: bold;\">Frente: Color<br>Atr\u00e1s: Color<\/p>\n<p style=\"font-size: 18px; font-weight: bold;\">TAMA\u00d1O CARTA - MILLAR<br><br>D\u00edpticos (c\/c) $1,787<br>Tr\u00edpticos (c\/c) $1,850<\/p><\/div><\/div><\/div><\/div><\/div><\/div><\/div><\/div>\n","protected":false},"excerpt":{"rendered":"<p>Tr\u00edpticos y D\u00edpticos &nbsp; COMPRARTr\u00edpticos y D\u00edpticosFrente: ColorAtr\u00e1s: Escala de Grises TAMA\u00d1O CARTA &#8211; MILLAR D\u00edpticos (c\/g) $1,276Tr\u00edpticos (c\/g) $1,350COMPRARFrente: ColorAtr\u00e1s: Color TAMA\u00d1O CARTA &#8211; MILLARD\u00edpticos (c\/c) $1,787Tr\u00edpticos (c\/c) $1,850<\/p>\n","protected":false},"author":2,"featured_media":0,"parent":0,"menu_order":0,"comment_status":"closed","ping_status":"closed","template":"","meta":{"footnotes":""},"class_list":["post-1217","page","type-page","status-publish","hentry"],"yoast_head":"<!-- This site is optimized with the Yoast SEO plugin v24.4 - https:\/\/yoast.com\/wordpress\/plugins\/seo\/ -->\n<title>Tr\u00edpticos -<\/title>\n<meta name=\"robots\" content=\"index, follow, max-snippet:-1, max-image-preview:large, max-video-preview:-1\" \/>\n<link rel=\"canonical\" href=\"https:\/\/mexaepic.jlsecurity.mx\/index.php\/tripticos\/\" \/>\n<meta property=\"og:locale\" content=\"es_MX\" \/>\n<meta property=\"og:type\" content=\"article\" \/>\n<meta property=\"og:title\" content=\"Tr\u00edpticos -\" \/>\n<meta property=\"og:description\" content=\"Tr\u00edpticos y D\u00edpticos &nbsp; COMPRARTr\u00edpticos y D\u00edpticosFrente: ColorAtr\u00e1s: Escala de Grises TAMA\u00d1O CARTA - MILLAR D\u00edpticos (c\/g) $1,276Tr\u00edpticos (c\/g) $1,350COMPRARFrente: ColorAtr\u00e1s: Color TAMA\u00d1O CARTA - MILLARD\u00edpticos (c\/c) $1,787Tr\u00edpticos (c\/c) $1,850\" \/>\n<meta property=\"og:url\" content=\"https:\/\/mexaepic.jlsecurity.mx\/index.php\/tripticos\/\" \/>\n<meta property=\"article:modified_time\" content=\"2024-11-09T01:05:55+00:00\" \/>\n<meta name=\"twitter:card\" content=\"summary_large_image\" \/>\n<script type=\"application\/ld+json\" class=\"yoast-schema-graph\">{\"@context\":\"https:\/\/schema.org\",\"@graph\":[{\"@type\":\"WebPage\",\"@id\":\"https:\/\/mexaepic.jlsecurity.mx\/index.php\/tripticos\/\",\"url\":\"https:\/\/mexaepic.jlsecurity.mx\/index.php\/tripticos\/\",\"name\":\"Tr\u00edpticos -\",\"isPartOf\":{\"@id\":\"https:\/\/mexaepic.jlsecurity.mx\/#website\"},\"datePublished\":\"2024-11-07T23:33:44+00:00\",\"dateModified\":\"2024-11-09T01:05:55+00:00\",\"breadcrumb\":{\"@id\":\"https:\/\/mexaepic.jlsecurity.mx\/index.php\/tripticos\/#breadcrumb\"},\"inLanguage\":\"es\",\"potentialAction\":[{\"@type\":\"ReadAction\",\"target\":[\"https:\/\/mexaepic.jlsecurity.mx\/index.php\/tripticos\/\"]}]},{\"@type\":\"BreadcrumbList\",\"@id\":\"https:\/\/mexaepic.jlsecurity.mx\/index.php\/tripticos\/#breadcrumb\",\"itemListElement\":[{\"@type\":\"ListItem\",\"position\":1,\"name\":\"Inicio\",\"item\":\"https:\/\/mexaepic.jlsecurity.mx\/\"},{\"@type\":\"ListItem\",\"position\":2,\"name\":\"Tr\u00edpticos\"}]},{\"@type\":\"WebSite\",\"@id\":\"https:\/\/mexaepic.jlsecurity.mx\/#website\",\"url\":\"https:\/\/mexaepic.jlsecurity.mx\/\",\"name\":\"Mexa Epic Publicidad\",\"description\":\"Publicidad impresa y digital\",\"publisher\":{\"@id\":\"https:\/\/mexaepic.jlsecurity.mx\/#organization\"},\"potentialAction\":[{\"@type\":\"SearchAction\",\"target\":{\"@type\":\"EntryPoint\",\"urlTemplate\":\"https:\/\/mexaepic.jlsecurity.mx\/?s={search_term_string}\"},\"query-input\":{\"@type\":\"PropertyValueSpecification\",\"valueRequired\":true,\"valueName\":\"search_term_string\"}}],\"inLanguage\":\"es\"},{\"@type\":\"Organization\",\"@id\":\"https:\/\/mexaepic.jlsecurity.mx\/#organization\",\"name\":\"Mexa Epic Publicidad\",\"url\":\"https:\/\/mexaepic.jlsecurity.mx\/\",\"logo\":{\"@type\":\"ImageObject\",\"inLanguage\":\"es\",\"@id\":\"https:\/\/mexaepic.jlsecurity.mx\/#\/schema\/logo\/image\/\",\"url\":\"https:\/\/mexaepic.jlsecurity.mx\/wp-content\/uploads\/2024\/09\/LOGO-mexa-epic-W-soimbra.png\",\"contentUrl\":\"https:\/\/mexaepic.jlsecurity.mx\/wp-content\/uploads\/2024\/09\/LOGO-mexa-epic-W-soimbra.png\",\"width\":1000,\"height\":1000,\"caption\":\"Mexa Epic Publicidad\"},\"image\":{\"@id\":\"https:\/\/mexaepic.jlsecurity.mx\/#\/schema\/logo\/image\/\"}}]}<\/script>\n<!-- \/ Yoast SEO plugin. -->","yoast_head_json":{"title":"Tr\u00edpticos -","robots":{"index":"index","follow":"follow","max-snippet":"max-snippet:-1","max-image-preview":"max-image-preview:large","max-video-preview":"max-video-preview:-1"},"canonical":"https:\/\/mexaepic.jlsecurity.mx\/index.php\/tripticos\/","og_locale":"es_MX","og_type":"article","og_title":"Tr\u00edpticos -","og_description":"Tr\u00edpticos y D\u00edpticos &nbsp; COMPRARTr\u00edpticos y D\u00edpticosFrente: ColorAtr\u00e1s: Escala de Grises TAMA\u00d1O CARTA - MILLAR D\u00edpticos (c\/g) $1,276Tr\u00edpticos (c\/g) $1,350COMPRARFrente: ColorAtr\u00e1s: Color TAMA\u00d1O CARTA - MILLARD\u00edpticos (c\/c) $1,787Tr\u00edpticos (c\/c) $1,850","og_url":"https:\/\/mexaepic.jlsecurity.mx\/index.php\/tripticos\/","article_modified_time":"2024-11-09T01:05:55+00:00","twitter_card":"summary_large_image","schema":{"@context":"https:\/\/schema.org","@graph":[{"@type":"WebPage","@id":"https:\/\/mexaepic.jlsecurity.mx\/index.php\/tripticos\/","url":"https:\/\/mexaepic.jlsecurity.mx\/index.php\/tripticos\/","name":"Tr\u00edpticos -","isPartOf":{"@id":"https:\/\/mexaepic.jlsecurity.mx\/#website"},"datePublished":"2024-11-07T23:33:44+00:00","dateModified":"2024-11-09T01:05:55+00:00","breadcrumb":{"@id":"https:\/\/mexaepic.jlsecurity.mx\/index.php\/tripticos\/#breadcrumb"},"inLanguage":"es","potentialAction":[{"@type":"ReadAction","target":["https:\/\/mexaepic.jlsecurity.mx\/index.php\/tripticos\/"]}]},{"@type":"BreadcrumbList","@id":"https:\/\/mexaepic.jlsecurity.mx\/index.php\/tripticos\/#breadcrumb","itemListElement":[{"@type":"ListItem","position":1,"name":"Inicio","item":"https:\/\/mexaepic.jlsecurity.mx\/"},{"@type":"ListItem","position":2,"name":"Tr\u00edpticos"}]},{"@type":"WebSite","@id":"https:\/\/mexaepic.jlsecurity.mx\/#website","url":"https:\/\/mexaepic.jlsecurity.mx\/","name":"Mexa Epic Publicidad","description":"Publicidad impresa y digital","publisher":{"@id":"https:\/\/mexaepic.jlsecurity.mx\/#organization"},"potentialAction":[{"@type":"SearchAction","target":{"@type":"EntryPoint","urlTemplate":"https:\/\/mexaepic.jlsecurity.mx\/?s={search_term_string}"},"query-input":{"@type":"PropertyValueSpecification","valueRequired":true,"valueName":"search_term_string"}}],"inLanguage":"es"},{"@type":"Organization","@id":"https:\/\/mexaepic.jlsecurity.mx\/#organization","name":"Mexa Epic Publicidad","url":"https:\/\/mexaepic.jlsecurity.mx\/","logo":{"@type":"ImageObject","inLanguage":"es","@id":"https:\/\/mexaepic.jlsecurity.mx\/#\/schema\/logo\/image\/","url":"https:\/\/mexaepic.jlsecurity.mx\/wp-content\/uploads\/2024\/09\/LOGO-mexa-epic-W-soimbra.png","contentUrl":"https:\/\/mexaepic.jlsecurity.mx\/wp-content\/uploads\/2024\/09\/LOGO-mexa-epic-W-soimbra.png","width":1000,"height":1000,"caption":"Mexa Epic Publicidad"},"image":{"@id":"https:\/\/mexaepic.jlsecurity.mx\/#\/schema\/logo\/image\/"}}]}},"jetpack_sharing_enabled":true,"_links":{"self":[{"href":"https:\/\/mexaepic.jlsecurity.mx\/index.php\/wp-json\/wp\/v2\/pages\/1217","targetHints":{"allow":["GET"]}}],"collection":[{"href":"https:\/\/mexaepic.jlsecurity.mx\/index.php\/wp-json\/wp\/v2\/pages"}],"about":[{"href":"https:\/\/mexaepic.jlsecurity.mx\/index.php\/wp-json\/wp\/v2\/types\/page"}],"author":[{"embeddable":true,"href":"https:\/\/mexaepic.jlsecurity.mx\/index.php\/wp-json\/wp\/v2\/users\/2"}],"replies":[{"embeddable":true,"href":"https:\/\/mexaepic.jlsecurity.mx\/index.php\/wp-json\/wp\/v2\/comments?post=1217"}],"version-history":[{"count":15,"href":"https:\/\/mexaepic.jlsecurity.mx\/index.php\/wp-json\/wp\/v2\/pages\/1217\/revisions"}],"predecessor-version":[{"id":1255,"href":"https:\/\/mexaepic.jlsecurity.mx\/index.php\/wp-json\/wp\/v2\/pages\/1217\/revisions\/1255"}],"wp:attachment":[{"href":"https:\/\/mexaepic.jlsecurity.mx\/index.php\/wp-json\/wp\/v2\/media?parent=1217"}],"curies":[{"name":"wp","href":"https:\/\/api.w.org\/{rel}","templated":true}]}}